{"id":9913,"date":"2023-07-28T11:51:56","date_gmt":"2023-07-28T09:51:56","guid":{"rendered":"https:\/\/naturland.hu\/?page_id=9913"},"modified":"2023-08-01T12:48:43","modified_gmt":"2023-08-01T10:48:43","slug":"visszaeles-bejelentes-685","status":"publish","type":"page","link":"https:\/\/naturland.hu\/en\/visszaeles-bejelentes-685\/","title":{"rendered":"Vissza\u00e9l\u00e9s bejelent\u00e9s"},"content":{"rendered":"<div id=\"pl-3\" class=\"panel-layout\">\n<div id=\"pg-3-0\" class=\"panel-grid panel-no-style\">\n<div id=\"pgc-3-0-0\" class=\"panel-grid-cell\" data-weight=\"1\">\n<div id=\"panel-3-0-0-0\" class=\"so-panel widget widget_sow-editor panel-first-child panel-last-child\" data-index=\"0\" data-style=\"{&quot;background_image_attachment&quot;:false,&quot;background_display&quot;:&quot;tile&quot;}\">\n<div class=\"so-widget-sow-editor so-widget-sow-editor-base\">\n<div class=\"siteorigin-widget-tinymce textwidget\">\n<p><div class=\"easy-docs-files\">\r\n          <div class=\"easy-docs-file\">\r\n        <div class=\"info\">\r\n                    <span class=\"name\">\r\n            <i class=\"icofont-file-pdf\"><\/i>\r\n            <div class=\"text\"><a href=\"https:\/\/naturland.hu\/en\/\/easy-docs\/64c38f5f7459d\" target=\"_blank\">Naturland Magyarorsz\u00e1g Kft. Vissza\u00e9l\u00e9s-bejelent\u00e9si szab\u00e1lyzat 2023.07.28.pdf<\/a><\/div>\r\n          <\/span>\r\n          <div class=\"details\">\r\n            <div class=\"uploaded\">\r\n              <b>Uploaded:<\/b> 2023.07.28\r\n            <\/div>\r\n            <div class=\"Size\">\r\n              <b>Size:<\/b> 2.46 MB\r\n            <\/div>\r\n          <\/div>\r\n        <\/div>\r\n        \r\n        <div class=\"download\">\r\n          <a href=\"https:\/\/naturland.hu\/en\/\/easy-docs\/64c38f5f7459d\" target=\"_blank\"><i class=\"icofont-download\"><\/i> Download<\/a>\r\n        <\/div>\r\n      <\/div>\r\n      <\/div>\r\n\r\n  \r\n<br \/>\n\n<\/div>\n<p>Vissza\u00e9l\u00e9s bejelent\u00e9s\u00e9t\/n\u00e9vtelen bejelent\u00e9s\u00e9t sz\u00e1m\u00edt\u00f3g\u00e9pen, tableten \u00e9s mobilon kereszt\u00fcl az Etikai Forr\u00f3dr\u00f3t vissza\u00e9l\u00e9s-bejelent\u00e9si szoftver\u00e9n kereszt\u00fcl teheti meg az al\u00e1bbi linken:<\/p>\n<p><a href=\"https:\/\/app.falcony.io\/naturland-wb\/links\/wb\" target=\"_blank\" rel=\"noopener\">https:\/\/app.falcony.io\/naturland-wb\/links\/wb<\/a><\/p>\n<\/div>\n<\/div>\n<\/div>\n<\/div>\n<\/div>\n","protected":false},"excerpt":{"rendered":"<p>Vissza\u00e9l\u00e9s bejelent\u00e9s\u00e9t\/n\u00e9vtelen bejelent\u00e9s\u00e9t sz\u00e1m\u00edt\u00f3g\u00e9pen, tableten \u00e9s mobilon kereszt\u00fcl az Etikai Forr\u00f3dr\u00f3t vissza\u00e9l\u00e9s-bejelent\u00e9si szoftver\u00e9n kereszt\u00fcl teheti meg&#8230;<\/p>\n","protected":false},"author":2,"featured_media":0,"parent":0,"menu_order":99,"comment_status":"closed","ping_status":"closed","template":"fullwidth.php","meta":{"inline_featured_image":false,"footnotes":""},"class_list":["post-9913","page","type-page","status-publish","hentry"],"_links":{"self":[{"href":"https:\/\/naturland.hu\/en\/wp-json\/wp\/v2\/pages\/9913","targetHints":{"allow":["GET"]}}],"collection":[{"href":"https:\/\/naturland.hu\/en\/wp-json\/wp\/v2\/pages"}],"about":[{"href":"https:\/\/naturland.hu\/en\/wp-json\/wp\/v2\/types\/page"}],"author":[{"embeddable":true,"href":"https:\/\/naturland.hu\/en\/wp-json\/wp\/v2\/users\/2"}],"replies":[{"embeddable":true,"href":"https:\/\/naturland.hu\/en\/wp-json\/wp\/v2\/comments?post=9913"}],"version-history":[{"count":0,"href":"https:\/\/naturland.hu\/en\/wp-json\/wp\/v2\/pages\/9913\/revisions"}],"wp:attachment":[{"href":"https:\/\/naturland.hu\/en\/wp-json\/wp\/v2\/media?parent=9913"}],"curies":[{"name":"wp","href":"https:\/\/api.w.org\/{rel}","templated":true}]}}