{"id":99,"date":"2021-07-21T10:05:00","date_gmt":"2021-07-21T08:05:00","guid":{"rendered":"http:\/\/nldo.diff.hu\/?page_id=99"},"modified":"2022-08-26T11:36:25","modified_gmt":"2022-08-26T09:36:25","slug":"impresszum","status":"publish","type":"page","link":"https:\/\/naturland.hu\/en\/impresszum\/","title":{"rendered":"Impresszum"},"content":{"rendered":"<div id=\"pl-99\"  class=\"panel-layout\" ><div id=\"pg-99-0\"  class=\"panel-grid panel-no-style\" ><div id=\"pgc-99-0-0\"  class=\"panel-grid-cell\" ><div id=\"panel-99-0-0-0\" class=\"so-panel widget widget_sow-editor panel-first-child panel-last-child\" data-index=\"0\" ><div\n\t\t\t\n\t\t\tclass=\"so-widget-sow-editor so-widget-sow-editor-base\"\n\t\t\t\n\t\t>\n<div class=\"siteorigin-widget-tinymce textwidget\">\n\t<p><b>C\u00e9gn\u00e9v:<\/b> Naturland Magyarorsz\u00e1g Kft.<br \/>\n<b>C\u00edm:<\/b> 1106 Budapest, Csillagvir\u00e1g u. 8.<br \/>\n<b>Levelez\u00e9si c\u00edm: <\/b>1656, R\u00e1koskereszt\u00far 1, Pf. 73.<br \/>\n<b>Telefon:<\/b> +36-1-431-2000<br \/>\n<b>E-mail:<\/b> <span id=\"page22R_mcid23\" class=\"markedContent\"><span dir=\"ltr\" role=\"presentation\">adatvedelem@<\/span><span dir=\"ltr\" role=\"presentation\">naturland<\/span><span dir=\"ltr\" role=\"presentation\">.hu<\/span><\/span><br \/>\n<b>Internet:<\/b> naturland.hu<br \/>\n<b>A c\u00e9get bejegyz\u0151 hat\u00f3s\u00e1g:<\/b> F\u0151v\u00e1rosi T\u00f6rv\u00e9nysz\u00e9k C\u00e9gb\u00edr\u00f3s\u00e1ga<br \/>\n<b>C\u00e9gjegyz\u00e9ksz\u00e1m:<\/b> <span id=\"page22R_mcid17\" class=\"markedContent\"><span dir=\"ltr\" role=\"presentation\">01<\/span><span dir=\"ltr\" role=\"presentation\">-<\/span><span dir=\"ltr\" role=\"presentation\">09<\/span><span dir=\"ltr\" role=\"presentation\">-<\/span><span dir=\"ltr\" role=\"presentation\">690514<\/span><\/span><br \/>\n<b>Ad\u00f3sz\u00e1m:<\/b> <span id=\"page22R_mcid19\" class=\"markedContent\"><span dir=\"ltr\" role=\"presentation\">11615017<\/span><span dir=\"ltr\" role=\"presentation\">-<\/span><span dir=\"ltr\" role=\"presentation\">2<\/span><span dir=\"ltr\" role=\"presentation\">-<\/span><span dir=\"ltr\" role=\"presentation\">42<\/span><\/span><br \/>\n<b>Kamara:<\/b> Budapesti Kereskedelmi \u00e9s Iparkamara (BKIK)<br \/>\n<b>T\u00e1rhelyszolg\u00e1ltat\u00f3:<\/b> Digitalocean LLC (sz\u00e9khely: 101 Avenue of the Americas 10th Floor New York, NY 10013 United States, e-mail: <a class=\"moz-txt-link-abbreviated\" href=\"mailto:contact@digitalocean.com\">contact@digitalocean.com<\/a>) szerverein tal\u00e1lhat\u00f3k meg<\/p>\n<\/div>\n<\/div><\/div><\/div><\/div><\/div>","protected":false},"excerpt":{"rendered":"<p>C\u00e9gn\u00e9v: Naturland Magyarorsz\u00e1g Kft. C\u00edm: 1106 Budapest, Csillagvir\u00e1g u. 8. Levelez\u00e9si c\u00edm: 1656, R\u00e1koskereszt\u00far 1, Pf&#8230;.<\/p>\n","protected":false},"author":2,"featured_media":0,"parent":0,"menu_order":99,"comment_status":"closed","ping_status":"closed","template":"fullwidth.php","meta":{"inline_featured_image":false,"footnotes":""},"class_list":["post-99","page","type-page","status-publish","hentry"],"_links":{"self":[{"href":"https:\/\/naturland.hu\/en\/wp-json\/wp\/v2\/pages\/99","targetHints":{"allow":["GET"]}}],"collection":[{"href":"https:\/\/naturland.hu\/en\/wp-json\/wp\/v2\/pages"}],"about":[{"href":"https:\/\/naturland.hu\/en\/wp-json\/wp\/v2\/types\/page"}],"author":[{"embeddable":true,"href":"https:\/\/naturland.hu\/en\/wp-json\/wp\/v2\/users\/2"}],"replies":[{"embeddable":true,"href":"https:\/\/naturland.hu\/en\/wp-json\/wp\/v2\/comments?post=99"}],"version-history":[{"count":0,"href":"https:\/\/naturland.hu\/en\/wp-json\/wp\/v2\/pages\/99\/revisions"}],"wp:attachment":[{"href":"https:\/\/naturland.hu\/en\/wp-json\/wp\/v2\/media?parent=99"}],"curies":[{"name":"wp","href":"https:\/\/api.w.org\/{rel}","templated":true}]}}