{"id":7326,"date":"2022-08-23T19:50:31","date_gmt":"2022-08-23T17:50:31","guid":{"rendered":"https:\/\/naturland.hu\/?page_id=7326"},"modified":"2022-09-21T10:27:08","modified_gmt":"2022-09-21T08:27:08","slug":"oszindito-nyeremenyjatek","status":"publish","type":"page","link":"https:\/\/naturland.hu\/en\/oszindito-nyeremenyjatek\/","title":{"rendered":"\u0150szind\u00edt\u00f3 nyerem\u00e9nyj\u00e1t\u00e9k"},"content":{"rendered":"<h5 style=\"text-align: center;\">Kedves J\u00e1t\u00e9kos!<\/h5>\r\n<p style=\"text-align: center;\">A nyerem\u00e9nyj\u00e1t\u00e9k lez\u00e1rult, hamarosan \u00fajabb feladv\u00e1nnyal jelentkez\u00fcnk!\u00a0<\/p>\r\n<p style=\"text-align: center;\"><img loading=\"lazy\" decoding=\"async\" class=\"wp-image-1967 size-medium aligncenter\" src=\"https:\/\/naturland.hu\/wp-content\/uploads\/2021\/11\/78079901_l-660x440.jpg\" alt=\"\" width=\"660\" height=\"440\" \/><\/p>\r\n<div style=\"text-align: center;\">Nyertesek:<\/div>\r\n<div style=\"text-align: center;\">&#8211; Szab\u00f3n\u00e9 Bir\u00f3 Alexandra<\/div>\r\n<div style=\"text-align: center;\">-Funke Attila<\/div>\r\n<div style=\"text-align: center;\">-Sz\u00f3r\u00e1d M\u00e1ria<\/div>\r\n<div>\u00a0<\/div>\r\n<!-- \/wp:post-content -->","protected":false},"excerpt":{"rendered":"<p>Kedves J\u00e1t\u00e9kos! A nyerem\u00e9nyj\u00e1t\u00e9k lez\u00e1rult, hamarosan \u00fajabb feladv\u00e1nnyal jelentkez\u00fcnk!\u00a0 Nyertesek: &#8211; Szab\u00f3n\u00e9 Bir\u00f3 Alexandra -Funke Attila&#8230;<\/p>\n","protected":false},"author":140,"featured_media":0,"parent":0,"menu_order":0,"comment_status":"closed","ping_status":"closed","template":"","meta":{"inline_featured_image":false,"footnotes":""},"class_list":["post-7326","page","type-page","status-publish","hentry"],"_links":{"self":[{"href":"https:\/\/naturland.hu\/en\/wp-json\/wp\/v2\/pages\/7326","targetHints":{"allow":["GET"]}}],"collection":[{"href":"https:\/\/naturland.hu\/en\/wp-json\/wp\/v2\/pages"}],"about":[{"href":"https:\/\/naturland.hu\/en\/wp-json\/wp\/v2\/types\/page"}],"author":[{"embeddable":true,"href":"https:\/\/naturland.hu\/en\/wp-json\/wp\/v2\/users\/140"}],"replies":[{"embeddable":true,"href":"https:\/\/naturland.hu\/en\/wp-json\/wp\/v2\/comments?post=7326"}],"version-history":[{"count":0,"href":"https:\/\/naturland.hu\/en\/wp-json\/wp\/v2\/pages\/7326\/revisions"}],"wp:attachment":[{"href":"https:\/\/naturland.hu\/en\/wp-json\/wp\/v2\/media?parent=7326"}],"curies":[{"name":"wp","href":"https:\/\/api.w.org\/{rel}","templated":true}]}}