{"id":41,"date":"2021-05-11T18:34:11","date_gmt":"2021-05-11T16:34:11","guid":{"rendered":"http:\/\/nldo.diff.hu\/?page_id=41"},"modified":"2023-10-26T16:51:47","modified_gmt":"2023-10-26T14:51:47","slug":"kapcsolat","status":"publish","type":"page","link":"https:\/\/naturland.hu\/en\/kapcsolat\/","title":{"rendered":"Kapcsolat"},"content":{"rendered":"<div id=\"pl-41\"  class=\"panel-layout\" ><div id=\"pg-41-0\"  class=\"panel-grid panel-has-style\" ><div class=\"panel-row-style panel-row-style-for-41-0\" ><div id=\"pgc-41-0-0\"  class=\"panel-grid-cell\" ><div id=\"panel-41-0-0-0\" class=\"so-panel widget widget_ndm-contact-row panel-first-child panel-last-child\" data-index=\"0\" ><div\n\t\t\t\n\t\t\tclass=\"so-widget-ndm-contact-row so-widget-ndm-contact-row-default-d75171398898-41\"\n\t\t\t\n\t\t><div class=\"row ndm-contact-row mb-2 mb-md-4\">\r\n\t<div class=\"ndm-contact-row__item col-md-4\">\r\n\t\t<p class=\"ndm-slide-menu__item mr-4\"><svg xmlns=\"http:\/\/www.w3.org\/2000\/svg\" width=\"16\" height=\"16\" class=\"bi bi-geo-alt-fill mr-1 theme_light_green\" viewBox=\"0 0 16 16\"><path d=\"M8 16s6-5.686 6-10A6 6 0 0 0 2 6c0 4.314 6 10 6 10zm0-7a3 3 0 1 1 0-6 3 3 0 0 1 0 6z\"\/><\/svg>1106 Budapest, Csillagvir\u00e1g u. 8.<\/p>\t<\/div>\r\n\t<div class=\"ndm-contact-row__item col-md-4\">\r\n\t\t<p class=\"ndm-slide-menu__item mr-4\"><svg xmlns=\"http:\/\/www.w3.org\/2000\/svg\" width=\"16\" height=\"16\" class=\"bi bi-phone-fill mr-1 theme_light_green\" viewBox=\"0 0 16 16\"><path d=\"M3 2a2 2 0 0 1 2-2h6a2 2 0 0 1 2 2v12a2 2 0 0 1-2 2H5a2 2 0 0 1-2-2V2zm6 11a1 1 0 1 0-2 0 1 1 0 0 0 2 0z\"\/><\/svg><a href=\"tel:003614312000\">06 1 431 2000<\/a><\/p>\t<\/div>\r\n\t<div class=\"ndm-contact-row__item col-md-4\">\r\n\t\t<p class=\"ndm-slide-menu__item mr-4\"><svg xmlns=\"http:\/\/www.w3.org\/2000\/svg\" width=\"16\" height=\"16\" class=\"bi bi-envelope-fill mr-1 theme_light_green\" viewBox=\"0 0 16 16\"><path d=\"M.05 3.555A2 2 0 0 1 2 2h12a2 2 0 0 1 1.95 1.555L8 8.414.05 3.555zM0 4.697v7.104l5.803-3.558L0 4.697zM6.761 8.83l-6.57 4.027A2 2 0 0 0 2 14h12a2 2 0 0 0 1.808-1.144l-6.57-4.027L8 9.586l-1.239-.757zm3.436-.586L16 11.801V4.697l-5.803 3.546z\"\/><\/svg><a href=\"mailto:titkarsag@naturland.hu\">titkarsag@naturland.hu<\/a><\/p>\t<\/div>\r\n<\/div><\/div><\/div><\/div><\/div><\/div><div id=\"pg-41-1\"  class=\"panel-grid panel-has-style\" ><div class=\"panel-row-style panel-row-style-for-41-1\" ><div id=\"pgc-41-1-0\"  class=\"panel-grid-cell\" ><div id=\"panel-41-1-0-0\" class=\"so-panel widget widget_sow-editor panel-first-child\" data-index=\"1\" ><div\n\t\t\t\n\t\t\tclass=\"so-widget-sow-editor so-widget-sow-editor-base\"\n\t\t\t\n\t\t>\n<div class=\"siteorigin-widget-tinymce textwidget\">\n\t<h6>Gy\u00f3gyszerk\u00e9sz\u00edtm\u00e9nyeink alkalmaz\u00e1sakor tapasztalt mell\u00e9khat\u00e1sok bejelent\u00e9se<\/h6>\n<\/div>\n<\/div><\/div><div id=\"panel-41-1-0-1\" class=\"so-panel widget widget_sow-editor panel-last-child\" data-index=\"2\" ><div\n\t\t\t\n\t\t\tclass=\"so-widget-sow-editor so-widget-sow-editor-base\"\n\t\t\t\n\t\t>\n<div class=\"siteorigin-widget-tinymce textwidget\">\n\t<p><strong>E-mail:<\/strong>\u00a0<a href=\"mailto:mellekhatas@naturland.hu\" target=\"_blank\" rel=\"noopener\">mellekhatas@naturland.hu<\/a><br \/>\n<strong>Tel.:<\/strong>\u00a0<a href=\"tel:%2B36-1-431-2000\" target=\"_blank\" rel=\"noopener\">+36-1-431-2000<\/a><br \/>\n<strong>Fax:<\/strong>\u00a0<a href=\"tel:%2B36-1-431-2052\" target=\"_blank\" rel=\"noopener\">+36-1-431-2052<\/a><\/p>\n<\/div>\n<\/div><\/div><\/div><div id=\"pgc-41-1-1\"  class=\"panel-grid-cell\" ><div id=\"panel-41-1-1-0\" class=\"so-panel widget widget_sow-editor panel-first-child\" data-index=\"3\" ><div\n\t\t\t\n\t\t\tclass=\"so-widget-sow-editor so-widget-sow-editor-base\"\n\t\t\t\n\t\t>\n<div class=\"siteorigin-widget-tinymce textwidget\">\n\t<h6>Kozmetikumaink nemk\u00edv\u00e1natos hat\u00e1s\u00e1nak bejelent\u00e9se<\/h6>\n<\/div>\n<\/div><\/div><div id=\"panel-41-1-1-1\" class=\"so-panel widget widget_sow-editor panel-last-child\" data-index=\"4\" ><div\n\t\t\t\n\t\t\tclass=\"so-widget-sow-editor so-widget-sow-editor-base\"\n\t\t\t\n\t\t>\n<div class=\"siteorigin-widget-tinymce textwidget\">\n\t<p><strong>E-mail:<\/strong>\u00a0<a href=\"mailto:kozmetikum@naturland.hu\">kozmetikum@naturland.hu<\/a><br \/>\n<strong>Tel.:<\/strong>\u00a0<a href=\"tel:%2B36-1-431-2000\" target=\"_blank\" rel=\"noopener\">+36-1-431-2000<\/a><br \/>\n<strong>Fax:<\/strong>\u00a0<a href=\"tel:%2B36-1-431-2052\" target=\"_blank\" rel=\"noopener\">+36-1-431-2052<\/a><\/p>\n<\/div>\n<\/div><\/div><\/div><\/div><\/div><div id=\"pg-41-2\"  class=\"panel-grid panel-no-style\" ><div id=\"pgc-41-2-0\"  class=\"panel-grid-cell\" ><div id=\"panel-41-2-0-0\" class=\"so-panel widget widget_ndm-smalltitle panel-first-child\" data-index=\"5\" ><div\n\t\t\t\n\t\t\tclass=\"so-widget-ndm-smalltitle so-widget-ndm-smalltitle-default-d75171398898-41\"\n\t\t\t\n\t\t><h3 class=\"ndm-small-title text-left text-left mt-2 mb-2\">K\u00e9rd\u00e9se van? \u00cdrjon nek\u00fcnk!<\/h3><\/div><\/div><div id=\"panel-41-2-0-1\" class=\"so-panel widget widget_sow-editor\" data-index=\"6\" ><div class=\"panel-widget-style panel-widget-style-for-41-2-0-1\" ><div\n\t\t\t\n\t\t\tclass=\"so-widget-sow-editor so-widget-sow-editor-base\"\n\t\t\t\n\t\t>\n<div class=\"siteorigin-widget-tinymce textwidget\">\n\tAz al\u00e1bbi form seg\u00edts\u00e9g\u00e9vel kapcsolatba l\u00e9phet vel\u00fcnk!<\/div>\n<\/div><\/div><\/div><div id=\"panel-41-2-0-2\" class=\"so-panel widget widget_sow-editor panel-last-child\" data-index=\"7\" ><div\n\t\t\t\n\t\t\tclass=\"so-widget-sow-editor so-widget-sow-editor-base\"\n\t\t\t\n\t\t>\n<div class=\"siteorigin-widget-tinymce textwidget\">\n\t\n<div class=\"wpcf7 no-js\" id=\"wpcf7-f44-o1\" lang=\"hu-HU\" dir=\"ltr\" data-wpcf7-id=\"44\">\n<div class=\"screen-reader-response\"><p role=\"status\" aria-live=\"polite\" aria-atomic=\"true\"><\/p> <ul><\/ul><\/div>\n<form action=\"\/en\/wp-json\/wp\/v2\/pages\/41#wpcf7-f44-o1\" method=\"post\" class=\"wpcf7-form init\" aria-label=\"Kapcsolatfelv\u00e9teli \u0171rlap\" novalidate=\"novalidate\" data-status=\"init\">\n<fieldset class=\"hidden-fields-container\"><input type=\"hidden\" name=\"_wpcf7\" value=\"44\" \/><input type=\"hidden\" name=\"_wpcf7_version\" value=\"6.1.5\" \/><input type=\"hidden\" name=\"_wpcf7_locale\" value=\"hu_HU\" \/><input type=\"hidden\" name=\"_wpcf7_unit_tag\" value=\"wpcf7-f44-o1\" \/><input type=\"hidden\" name=\"_wpcf7_container_post\" value=\"0\" \/><input type=\"hidden\" name=\"_wpcf7_posted_data_hash\" value=\"\" \/><input type=\"hidden\" name=\"_wpcf7_recaptcha_response\" value=\"\" \/>\n<\/fieldset>\n<div class=\"row\">\n\t<div class=\"col-12 mb-2\">\n\t\t<p><label>N\u00e9v<span class=\"ndm-star\">*<\/span><\/label><span class=\"wpcf7-form-control-wrap\" data-name=\"nev\"><input size=\"40\" maxlength=\"400\" class=\"wpcf7-form-control wpcf7-text wpcf7-validates-as-required\" aria-required=\"true\" aria-invalid=\"false\" value=\"\" type=\"text\" name=\"nev\" \/><\/span>\n\t\t<\/p>\n\t<\/div>\n\t<div class=\"col-lg-6 mb-2\">\n\t\t<p><label>Email c\u00edm<span class=\"ndm-star\">*<\/span><\/label><span class=\"wpcf7-form-control-wrap\" data-name=\"email-cim\"><input size=\"40\" maxlength=\"400\" class=\"wpcf7-form-control wpcf7-email wpcf7-validates-as-required wpcf7-text wpcf7-validates-as-email\" aria-required=\"true\" aria-invalid=\"false\" value=\"\" type=\"email\" name=\"email-cim\" \/><\/span>\n\t\t<\/p>\n\t<\/div>\n\t<div class=\"col-lg-6 mb-2\">\n\t\t<p><label>Telefonsz\u00e1m<span class=\"ndm-star\">*<\/span><\/label><span class=\"wpcf7-form-control-wrap\" data-name=\"telefonszam\"><input size=\"40\" maxlength=\"400\" class=\"wpcf7-form-control wpcf7-tel wpcf7-validates-as-required wpcf7-text wpcf7-validates-as-tel\" aria-required=\"true\" aria-invalid=\"false\" value=\"\" type=\"tel\" name=\"telefonszam\" \/><\/span>\n\t\t<\/p>\n\t<\/div>\n\t<div class=\"col-12 mb-2\">\n\t\t<p><label>\u00dczenet<\/label><span class=\"wpcf7-form-control-wrap\" data-name=\"uzenet\"><textarea cols=\"40\" rows=\"10\" maxlength=\"2000\" class=\"wpcf7-form-control wpcf7-textarea\" aria-invalid=\"false\" name=\"uzenet\"><\/textarea><\/span>\n\t\t<\/p>\n\t<\/div>\n\t<div class=\"col-12 ndm-acceptance mb-2\">\n\t\t<p><span class=\"wpcf7-form-control-wrap\" data-name=\"adatvedelem\"><span class=\"wpcf7-form-control wpcf7-acceptance\"><span class=\"wpcf7-list-item\"><label><input type=\"checkbox\" name=\"adatvedelem\" value=\"1\" aria-invalid=\"false\" \/><span class=\"wpcf7-list-item-label\">Elolvastam \u00e9s elfogadom az <a href=\"\/adatkezeles\/\" target=\"_blank\" rel=\"noopener\">Adatv\u00e9delmi nyilatkozat<\/a>ban foglaltakat!<\/span><\/label><\/span><\/span><\/span>\n\t\t<\/p>\n\t<\/div>\n\t<div class=\"col-12 ndm-recaptcha mb-2\">\n\t<span class=\"wpcf7-form-control-wrap recaptcha\" data-name=\"recaptcha\"><span data-sitekey=\"6LdTuFwcAAAAAGce5dn9B4rnfY6mgCOk5IsHDF1v\" class=\"wpcf7-form-control wpcf7-recaptcha g-recaptcha\"><\/span>\r\n<noscript>\r\n\t<div class=\"grecaptcha-noscript\">\r\n\t\t<iframe loading=\"lazy\" src=\"https:\/\/www.google.com\/recaptcha\/api\/fallback?k=6LdTuFwcAAAAAGce5dn9B4rnfY6mgCOk5IsHDF1v\" frameborder=\"0\" scrolling=\"no\" width=\"310\" height=\"430\">\r\n\t\t<\/iframe>\r\n\t\t<textarea name=\"g-recaptcha-response\" rows=\"3\" cols=\"40\" placeholder=\"reCaptcha Response Here\">\r\n\t\t<\/textarea>\r\n\t<\/div>\r\n<\/noscript>\r\n<\/span>\n\t<\/div>\n\t<div class=\"col-12\">\n\t\t<p><input class=\"wpcf7-form-control wpcf7-submit has-spinner\" type=\"submit\" value=\"\u00dczenet k\u00fcld\u00e9se\" \/>\n\t\t<\/p>\n\t<\/div>\n<\/div><div class=\"wpcf7-response-output\" aria-hidden=\"true\"><\/div>\n<\/form>\n<\/div>\n<\/div>\n<\/div><\/div><\/div><\/div><\/div>","protected":false},"excerpt":{"rendered":"<p>Gy\u00f3gyszerk\u00e9sz\u00edtm\u00e9nyeink alkalmaz\u00e1sakor tapasztalt mell\u00e9khat\u00e1sok bejelent\u00e9se E-mail:\u00a0mellekhatas@naturland.hu Tel.:\u00a0+36-1-431-2000 Fax:\u00a0+36-1-431-2052 Kozmetikumaink nemk\u00edv\u00e1natos hat\u00e1s\u00e1nak bejelent\u00e9se E-mail:\u00a0kozmetikum@naturland.hu Tel.:\u00a0+36-1-431-2000 Fax:\u00a0+36-1-431-2052<\/p>\n","protected":false},"author":2,"featured_media":0,"parent":0,"menu_order":6,"comment_status":"closed","ping_status":"closed","template":"fullwidth.php","meta":{"inline_featured_image":false,"footnotes":""},"class_list":["post-41","page","type-page","status-publish","hentry"],"_links":{"self":[{"href":"https:\/\/naturland.hu\/en\/wp-json\/wp\/v2\/pages\/41","targetHints":{"allow":["GET"]}}],"collection":[{"href":"https:\/\/naturland.hu\/en\/wp-json\/wp\/v2\/pages"}],"about":[{"href":"https:\/\/naturland.hu\/en\/wp-json\/wp\/v2\/types\/page"}],"author":[{"embeddable":true,"href":"https:\/\/naturland.hu\/en\/wp-json\/wp\/v2\/users\/2"}],"replies":[{"embeddable":true,"href":"https:\/\/naturland.hu\/en\/wp-json\/wp\/v2\/comments?post=41"}],"version-history":[{"count":0,"href":"https:\/\/naturland.hu\/en\/wp-json\/wp\/v2\/pages\/41\/revisions"}],"wp:attachment":[{"href":"https:\/\/naturland.hu\/en\/wp-json\/wp\/v2\/media?parent=41"}],"curies":[{"name":"wp","href":"https:\/\/api.w.org\/{rel}","templated":true}]}}