{"id":3,"date":"2021-03-20T17:16:38","date_gmt":"2021-03-20T17:16:38","guid":{"rendered":"http:\/\/nldo.diff.hu\/?page_id=3"},"modified":"2022-12-08T10:33:26","modified_gmt":"2022-12-08T09:33:26","slug":"adatkezeles","status":"publish","type":"page","link":"https:\/\/naturland.hu\/en\/adatkezeles\/","title":{"rendered":"Adatkezel\u00e9si t\u00e1j\u00e9koztat\u00f3"},"content":{"rendered":"<div id=\"pl-3\"  class=\"panel-layout\" ><div id=\"pg-3-0\"  class=\"panel-grid panel-no-style\" ><div id=\"pgc-3-0-0\"  class=\"panel-grid-cell\" ><div id=\"panel-3-0-0-0\" class=\"so-panel widget widget_sow-editor panel-first-child panel-last-child\" data-index=\"0\" ><div\n\t\t\t\n\t\t\tclass=\"so-widget-sow-editor so-widget-sow-editor-base\"\n\t\t\t\n\t\t>\n<div class=\"siteorigin-widget-tinymce textwidget\">\n\t<div class=\"easy-docs-files\">\r\n          <div class=\"easy-docs-file\">\r\n        <div class=\"info\">\r\n                    <span class=\"name\">\r\n            <i class=\"icofont-file-pdf\"><\/i>\r\n            <div class=\"text\"><a href=\"https:\/\/naturland.hu\/en\/\/easy-docs\/6388cf0ccd39b\" target=\"_blank\">Naturland_Weba\u0301ruha\u0301z_A\u0301ltala\u0301nos Szerzo\u030bde\u0301si Felte\u0301telek_2022.11.28 fin.pdf<\/a><\/div>\r\n          <\/span>\r\n          <div class=\"details\">\r\n            <div class=\"uploaded\">\r\n              <b>Uploaded:<\/b> 2022.12.01\r\n            <\/div>\r\n            <div class=\"Size\">\r\n              <b>Size:<\/b> 345.58 KB\r\n            <\/div>\r\n          <\/div>\r\n        <\/div>\r\n        \r\n        <div class=\"download\">\r\n          <a href=\"https:\/\/naturland.hu\/en\/\/easy-docs\/6388cf0ccd39b\" target=\"_blank\"><i class=\"icofont-download\"><\/i> Download<\/a>\r\n        <\/div>\r\n      <\/div>\r\n      <\/div>\r\n\r\n  \r\n\n<\/div>\n<\/div><\/div><\/div><\/div><\/div>","protected":false},"excerpt":{"rendered":"<p>Naturland_Weba\u0301ruha\u0301z_A\u0301ltala\u0301nos Szerzo\u030bde\u0301si Felte\u0301telek_2022.11.28 fin.pdf Uploaded: 2022.12.01 Size: 345.58 KB Download<\/p>\n","protected":false},"author":2,"featured_media":0,"parent":0,"menu_order":99,"comment_status":"closed","ping_status":"closed","template":"fullwidth.php","meta":{"inline_featured_image":false,"footnotes":""},"class_list":["post-3","page","type-page","status-publish","hentry"],"_links":{"self":[{"href":"https:\/\/naturland.hu\/en\/wp-json\/wp\/v2\/pages\/3","targetHints":{"allow":["GET"]}}],"collection":[{"href":"https:\/\/naturland.hu\/en\/wp-json\/wp\/v2\/pages"}],"about":[{"href":"https:\/\/naturland.hu\/en\/wp-json\/wp\/v2\/types\/page"}],"author":[{"embeddable":true,"href":"https:\/\/naturland.hu\/en\/wp-json\/wp\/v2\/users\/2"}],"replies":[{"embeddable":true,"href":"https:\/\/naturland.hu\/en\/wp-json\/wp\/v2\/comments?post=3"}],"version-history":[{"count":0,"href":"https:\/\/naturland.hu\/en\/wp-json\/wp\/v2\/pages\/3\/revisions"}],"wp:attachment":[{"href":"https:\/\/naturland.hu\/en\/wp-json\/wp\/v2\/media?parent=3"}],"curies":[{"name":"wp","href":"https:\/\/api.w.org\/{rel}","templated":true}]}}