{"id":237,"date":"2021-09-18T11:23:53","date_gmt":"2021-09-18T09:23:53","guid":{"rendered":"http:\/\/nldo.diff.hu\/?page_id=237"},"modified":"2025-08-06T09:05:41","modified_gmt":"2025-08-06T07:05:41","slug":"allasajanlatok","status":"publish","type":"page","link":"https:\/\/naturland.hu\/en\/allasajanlatok\/","title":{"rendered":"Karrier"},"content":{"rendered":"<div id=\"pl-237\"  class=\"panel-layout\" ><div id=\"pg-237-0\"  class=\"panel-grid panel-no-style\" ><div id=\"pgc-237-0-0\"  class=\"panel-grid-cell panel-grid-cell-empty\" ><\/div><\/div><div id=\"pg-237-1\"  class=\"panel-grid panel-no-style\" ><div id=\"pgc-237-1-0\"  class=\"panel-grid-cell\" ><div id=\"panel-237-1-0-0\" class=\"so-panel widget widget_ndm-smalltitle panel-first-child\" data-index=\"0\" ><div\n\t\t\t\n\t\t\tclass=\"so-widget-ndm-smalltitle so-widget-ndm-smalltitle-default-d75171398898-237\"\n\t\t\t\n\t\t><h5 class=\"ndm-small-title text-left theme_light_green mt-2 mb-2\">Sz\u00edvesen lenne a munkat\u00e1rsunk?<\/h5><\/div><\/div><div id=\"panel-237-1-0-1\" class=\"so-panel widget widget_ndm-list\" data-index=\"1\" ><div\n\t\t\t\n\t\t\tclass=\"so-widget-ndm-list so-widget-ndm-list-default-d75171398898-237\"\n\t\t\t\n\t\t><ul class=\"ndm-list\">        <li\n                ><p class=\"mb-0\">V\u00e1ltozatos feladatokkal \u00e9s kih\u00edv\u00e1sokkal teli munkak\u00f6r\u00f6k, szakmai fejl\u0151d\u00e9s lehet\u0151s\u00e9ge<\/p><\/li>\n            <li\n                ><p class=\"mb-0\">Hossz\u00fa t\u00e1v\u00fa, stabil munkahely egy folyamatosan fejl\u0151d\u0151, Budapesti \u00c9rt\u00e9kt\u0151zsd\u00e9n is jegyzett c\u00e9gcsoportban<\/p><\/li>\n            <li\n                ><p class=\"mb-0\">Fiatalos, lend\u00fcletes csapat<\/p><\/li>\n            <li\n                ><p class=\"mb-0\">Teljes munkaid\u0151s, hat\u00e1rozatlan idej\u0171 munkaviszony<\/p><\/li>\n            <li\n                ><p class=\"mb-0\">Orvosi rendel\u0151 \u00e9s \u00fczemorvosi szolg\u00e1lat k\u00f6zvetlen\u00fcl a munkahelyen<\/p><\/li>\n            <li\n                ><p class=\"mb-0\">Versenyk\u00e9pes j\u00f6vedelem: teljes\u00edtm\u00e9ny-alap\u00fa elismer\u00e9sek, p\u00f3tl\u00e9kok \u00e9s sz\u00e1mos cafeteria elem<\/p><\/li>\n    <\/ul><\/div><\/div><div id=\"panel-237-1-0-2\" class=\"so-panel widget widget_sow-editor panel-last-child\" data-index=\"2\" ><div\n\t\t\t\n\t\t\tclass=\"so-widget-sow-editor so-widget-sow-editor-base\"\n\t\t\t\n\t\t>\n<div class=\"siteorigin-widget-tinymce textwidget\">\n\t<p>Szakmai \u00f6n\u00e9letrajz\u00e1t k\u00fcldje el a\u00a0<a href=\"mailto:cv@naturland.hu\"><strong>cv@naturland.hu<\/strong><\/a>\u00a0e-mail c\u00edmre. Amennyiben a v\u00e9gzetts\u00e9g\u00e9nek \u00e9s tapasztalatainak megfelel\u0151 munkak\u00f6rben tudunk lehet\u0151s\u00e9get biztos\u00edtani arra, hogy csatlakozzon a csapatunkhoz, felvessz\u00fck \u00f6nnel a kapcsolatot.<\/p>\n<p>\u200bKapcsol\u00f3d\u00f3 adatkezel\u00e9si t\u00e1j\u00e9koztat\u00f3nkat <a href=\"\/easy-docs\/617aac828c476\" target=\"_blank\" rel=\"noopener\">IDE<\/a> kattintva olvashatja el.<\/p>\n<\/div>\n<\/div><\/div><\/div><div id=\"pgc-237-1-1\"  class=\"panel-grid-cell\" ><div id=\"panel-237-1-1-0\" class=\"so-panel widget widget_sow-image panel-first-child panel-last-child\" data-index=\"3\" ><div\n\t\t\t\n\t\t\tclass=\"so-widget-sow-image so-widget-sow-image-default-dbf295114b96-237\"\n\t\t\t\n\t\t>\n<div class=\"sow-image-container\">\n\t\t<img \n\tsrc=\"https:\/\/naturland.hu\/wp-content\/uploads\/2025\/04\/cegfoto-montazs-profession-20250228-1.jpg\" width=\"2252\" height=\"1501\" srcset=\"https:\/\/naturland.hu\/wp-content\/uploads\/2025\/04\/cegfoto-montazs-profession-20250228-1.jpg 2252w, https:\/\/naturland.hu\/wp-content\/uploads\/2025\/04\/cegfoto-montazs-profession-20250228-1-660x440.jpg 660w, https:\/\/naturland.hu\/wp-content\/uploads\/2025\/04\/cegfoto-montazs-profession-20250228-1-1024x683.jpg 1024w, https:\/\/naturland.hu\/wp-content\/uploads\/2025\/04\/cegfoto-montazs-profession-20250228-1-440x293.jpg 440w, https:\/\/naturland.hu\/wp-content\/uploads\/2025\/04\/cegfoto-montazs-profession-20250228-1-768x512.jpg 768w, https:\/\/naturland.hu\/wp-content\/uploads\/2025\/04\/cegfoto-montazs-profession-20250228-1-1536x1024.jpg 1536w, https:\/\/naturland.hu\/wp-content\/uploads\/2025\/04\/cegfoto-montazs-profession-20250228-1-2048x1365.jpg 2048w, https:\/\/naturland.hu\/wp-content\/uploads\/2025\/04\/cegfoto-montazs-profession-20250228-1-600x400.jpg 600w\" sizes=\"(max-width: 2252px) 100vw, 2252px\" title=\"cegfoto montazs profession 20250228\" alt=\"\" \t\tclass=\"so-widget-image\"\/>\n\t<\/div>\n\n<\/div><\/div><\/div><\/div><\/div>","protected":false},"excerpt":{"rendered":"<p>Szakmai \u00f6n\u00e9letrajz\u00e1t k\u00fcldje el a\u00a0cv@naturland.hu\u00a0e-mail c\u00edmre. Amennyiben a v\u00e9gzetts\u00e9g\u00e9nek \u00e9s tapasztalatainak megfelel\u0151 munkak\u00f6rben tudunk lehet\u0151s\u00e9get biztos\u00edtani&#8230;<\/p>\n","protected":false},"author":2,"featured_media":0,"parent":0,"menu_order":8,"comment_status":"closed","ping_status":"closed","template":"karrier.php","meta":{"inline_featured_image":false,"footnotes":""},"class_list":["post-237","page","type-page","status-publish","hentry"],"_links":{"self":[{"href":"https:\/\/naturland.hu\/en\/wp-json\/wp\/v2\/pages\/237","targetHints":{"allow":["GET"]}}],"collection":[{"href":"https:\/\/naturland.hu\/en\/wp-json\/wp\/v2\/pages"}],"about":[{"href":"https:\/\/naturland.hu\/en\/wp-json\/wp\/v2\/types\/page"}],"author":[{"embeddable":true,"href":"https:\/\/naturland.hu\/en\/wp-json\/wp\/v2\/users\/2"}],"replies":[{"embeddable":true,"href":"https:\/\/naturland.hu\/en\/wp-json\/wp\/v2\/comments?post=237"}],"version-history":[{"count":0,"href":"https:\/\/naturland.hu\/en\/wp-json\/wp\/v2\/pages\/237\/revisions"}],"wp:attachment":[{"href":"https:\/\/naturland.hu\/en\/wp-json\/wp\/v2\/media?parent=237"}],"curies":[{"name":"wp","href":"https:\/\/api.w.org\/{rel}","templated":true}]}}