{"id":197,"date":"2021-09-11T09:43:28","date_gmt":"2021-09-11T07:43:28","guid":{"rendered":"http:\/\/nldo.diff.hu\/?page_id=197"},"modified":"2026-04-01T16:49:35","modified_gmt":"2026-04-01T14:49:35","slug":"szakmai-felhasznalok","status":"publish","type":"page","link":"https:\/\/naturland.hu\/en\/szakmai-felhasznalok\/","title":{"rendered":"Szakmai felhaszn\u00e1l\u00f3k"},"content":{"rendered":"<div id=\"pl-197\"  class=\"panel-layout\" ><div id=\"pg-197-0\"  class=\"panel-grid panel-no-style\" ><div id=\"pgc-197-0-0\"  class=\"panel-grid-cell\" ><div id=\"panel-197-0-0-0\" class=\"so-panel widget widget_sow-video panel-first-child\" data-index=\"0\" ><div\n\t\t\t\n\t\t\tclass=\"so-widget-sow-video so-widget-sow-video-default-c08170c47cfb-197\"\n\t\t\t\n\t\t>\n<div class=\"sow-video-wrapper\n\">\n\t\t\t<iframe loading=\"lazy\" title=\"Naturland bemutatkoz\u00e1s\" width=\"640\" height=\"360\" src=\"https:\/\/www.youtube.com\/embed\/5qvHAwEFT7A?feature=oembed&enablejsapi=1\" frameborder=\"0\" allow=\"accelerometer; autoplay; clipboard-write; encrypted-media; gyroscope; picture-in-picture; web-share\" referrerpolicy=\"strict-origin-when-cross-origin\" allowfullscreen allowfullscreen mozallowfullscreen webkitallowfullscreen sandbox=\"allow-scripts allow-same-origin allow-presentation\"><\/iframe>\t<\/div>\n<\/div><\/div><div id=\"panel-197-0-0-1\" class=\"so-panel widget widget_sow-editor panel-last-child\" data-index=\"1\" ><div class=\"panel-widget-style panel-widget-style-for-197-0-0-1\" ><div\n\t\t\t\n\t\t\tclass=\"so-widget-sow-editor so-widget-sow-editor-base\"\n\t\t\t\n\t\t>\n<div class=\"siteorigin-widget-tinymce textwidget\">\n\t<p><strong>K\u00f6zponti rendel\u00e9sfelv\u00e9tel<\/strong><\/p>\n<p>E-mail: rendelesfelvetel@naturland.hu<br \/>\nTel.: +36-1-431-2110<br \/>\nFax: +36-1-431-2052<\/p>\n<p><strong>Kereskedelmi k\u00e9pvisel\u0151k<\/strong><\/p>\n<p><strong>Budapest IX, X, XIV, XVII, XVIII, XIX, XX, XXI. XXIII. ker\u00fclet<\/strong><br \/>\nSzab\u00f3 D\u00f3ra, kereskedelmi k\u00e9pvisel\u0151<br \/>\nTel: +36-20\/209-1533<\/p>\n<p><strong>Budapest I, II, III, V, VI, VII, VIII, XI, XII, XIII, XXII. ker\u00fclet<\/strong><br \/>\nKov\u00e1cs M\u00f3nika, kereskedelmi k\u00e9pvisel\u0151<br \/>\nTel: +36-20\/260-3077<\/p>\n<p><strong>Budapest IV, XV, XVI. ker\u00fclet<\/strong><br \/>\nSzab\u00f3 D\u00f3ra, kereskedelmi k\u00e9pvisel\u0151<br \/>\nTel: +36-20\/209-1533<\/p>\n<p><strong>B\u00e1cs-Kiskun megye<\/strong><br \/>\nSzekeres \u00c9va, kereskedelmi k\u00e9pvisel\u0151<br \/>\nTel: +36-20\/669-9226<\/p>\n<p><strong>Baranya megye<\/strong><br \/>\nBart\u00e1n\u00e9 Balogh M\u00e1ria, kereskedelmi k\u00e9pvisel\u0151<br \/>\nTel: +36-20\/977-0860<\/p>\n<p><strong>B\u00e9k\u00e9s megye<\/strong><br \/>\nSzekeres \u00c9va, kereskedelmi k\u00e9pvisel\u0151<br \/>\nTel: +36-20\/669-9226<\/p>\n<p><strong>Borsod-Aba\u00faj-Zempl\u00e9n megye<\/strong><br \/>\nKiss P\u00e9ter, kereskedelmi k\u00e9pvisel\u0151<br \/>\nTel: +36-20\/669-9224<\/p>\n<p><strong>Csongr\u00e1d megye<\/strong><br \/>\nSzekeres \u00c9va, kereskedelmi k\u00e9pvisel\u0151<br \/>\nTel: +36-20\/669-9226<\/p>\n<p><strong>Fej\u00e9r megye<\/strong><br \/>\nKov\u00e1cs M\u00f3nika, kereskedelmi k\u00e9pvisel\u0151<br \/>\nTel: +36-20\/260-3077<\/p>\n<p><strong>Gy\u0151r-Moson-Sopron megye<\/strong><br \/>\nKaufmann Enik\u0151, kereskedelmi k\u00e9pvisel\u0151<br \/>\nTel: +36-20\/669-9223<\/p>\n<p><strong>Hajd\u00fa-Bihar megye<\/strong><br \/>\nKiss P\u00e9ter, kereskedelmi k\u00e9pvisel\u0151<br \/>\nTel: +36-20\/669-9224<\/p>\n<p><strong>Heves megye<\/strong><br \/>\nSzab\u00f3 D\u00f3ra, kereskedelmi k\u00e9pvisel\u0151<br \/>\nTel: +36-20\/209-1533<\/p>\n<p><strong>J\u00e1sz-Nagykun-Szolnok megye<\/strong><br \/>\nSzekeres \u00c9va, kereskedelmi k\u00e9pvisel\u0151<br \/>\nTel: +36-20\/669-9226<\/p>\n<p><strong>Kom\u00e1rom-Esztergom megye<\/strong><br \/>\nKaufmann Enik\u0151, kereskedelmi k\u00e9pvisel\u0151<br \/>\nTel: +36-20\/669-9223<\/p>\n<p><strong>N\u00f3gr\u00e1d megye<\/strong><br \/>\nSzab\u00f3 D\u00f3ra, kereskedelmi k\u00e9pvisel\u0151<br \/>\nTel: +36-20\/209-1533<\/p>\n<p><strong>Pest megye<\/strong><br \/>\nBod\u00f3 Anett, ter\u00fcleti vezet\u0151<br \/>\nTel.: +36-20\/319-0493<\/p>\n<p>Szab\u00f3 D\u00f3ra, kereskedelmi k\u00e9pvisel\u0151<br \/>\nTel: +36-20\/209-1533<\/p>\n<p>Kov\u00e1cs M\u00f3nika, kereskedelmi k\u00e9pvisel\u0151<br \/>\nTel: +36-20\/260-3077<\/p>\n<p><strong>Somogy megye<\/strong><br \/>\nBart\u00e1n\u00e9 Balogh M\u00e1ria, kereskedelmi k\u00e9pvisel\u0151<br \/>\nTel: +36-20\/977-0860<\/p>\n<p><strong>Szabolcs-Szatm\u00e1r-Bereg megye<\/strong><br \/>\nKiss P\u00e9ter, kereskedelmi k\u00e9pvisel\u0151<br \/>\nTel: +36-20\/669-9224<\/p>\n<p><strong>Tolna megye<\/strong><br \/>\nKov\u00e1cs M\u00f3nika, kereskedelmi k\u00e9pvisel\u0151<br \/>\nTel: +36-20\/260-3077<\/p>\n<p><strong>Vas megye<\/strong><br \/>\nBart\u00e1n\u00e9 Balogh M\u00e1ria, kereskedelmi k\u00e9pvisel\u0151<br \/>\nTel: +36-20\/977-0860<\/p>\n<p><strong>Veszpr\u00e9m megye<\/strong><br \/>\nKaufmann Enik\u0151, kereskedelmi k\u00e9pvisel\u0151<br \/>\nTel: +36-20\/669-9223<\/p>\n<p><strong>Zala megye<\/strong><br \/>\nBart\u00e1n\u00e9 Balogh M\u00e1ria, kereskedelmi k\u00e9pvisel\u0151<br \/>\nTel: +36-20\/977-0860<\/p>\n<\/div>\n<\/div><\/div><\/div><\/div><\/div><\/div>","protected":false},"excerpt":{"rendered":"<p>K\u00f6zponti rendel\u00e9sfelv\u00e9tel E-mail: rendelesfelvetel@naturland.hu Tel.: +36-1-431-2110 Fax: +36-1-431-2052 Kereskedelmi k\u00e9pvisel\u0151k Budapest IX, X, XIV, XVII, XVIII,&#8230;<\/p>\n","protected":false},"author":2,"featured_media":0,"parent":0,"menu_order":11,"comment_status":"closed","ping_status":"closed","template":"","meta":{"inline_featured_image":false,"footnotes":""},"class_list":["post-197","page","type-page","status-publish","hentry"],"_links":{"self":[{"href":"https:\/\/naturland.hu\/en\/wp-json\/wp\/v2\/pages\/197","targetHints":{"allow":["GET"]}}],"collection":[{"href":"https:\/\/naturland.hu\/en\/wp-json\/wp\/v2\/pages"}],"about":[{"href":"https:\/\/naturland.hu\/en\/wp-json\/wp\/v2\/types\/page"}],"author":[{"embeddable":true,"href":"https:\/\/naturland.hu\/en\/wp-json\/wp\/v2\/users\/2"}],"replies":[{"embeddable":true,"href":"https:\/\/naturland.hu\/en\/wp-json\/wp\/v2\/comments?post=197"}],"version-history":[{"count":0,"href":"https:\/\/naturland.hu\/en\/wp-json\/wp\/v2\/pages\/197\/revisions"}],"wp:attachment":[{"href":"https:\/\/naturland.hu\/en\/wp-json\/wp\/v2\/media?parent=197"}],"curies":[{"name":"wp","href":"https:\/\/api.w.org\/{rel}","templated":true}]}}