{"id":194,"date":"2021-09-11T09:42:57","date_gmt":"2021-09-11T07:42:57","guid":{"rendered":"http:\/\/nldo.diff.hu\/?page_id=194"},"modified":"2021-11-12T15:07:13","modified_gmt":"2021-11-12T14:07:13","slug":"felelossegvallalas","status":"publish","type":"page","link":"https:\/\/naturland.hu\/en\/felelossegvallalas\/","title":{"rendered":"Felel\u0151ss\u00e9gv\u00e1llal\u00e1s"},"content":{"rendered":"<div id=\"pl-194\"  class=\"panel-layout\" ><div id=\"pg-194-0\"  class=\"panel-grid panel-no-style\" ><div id=\"pgc-194-0-0\"  class=\"panel-grid-cell\" ><div id=\"panel-194-0-0-0\" class=\"so-panel widget widget_sow-image panel-first-child panel-last-child\" data-index=\"0\" ><div\n\t\t\t\n\t\t\tclass=\"so-widget-sow-image so-widget-sow-image-default-dbf295114b96-194\"\n\t\t\t\n\t\t>\n<div class=\"sow-image-container\">\n\t\t<img \n\tsrc=\"https:\/\/naturland.hu\/wp-content\/uploads\/2021\/10\/NaturlandGyar_039.jpg\" width=\"1620\" height=\"1080\" srcset=\"https:\/\/naturland.hu\/wp-content\/uploads\/2021\/10\/NaturlandGyar_039.jpg 1620w, https:\/\/naturland.hu\/wp-content\/uploads\/2021\/10\/NaturlandGyar_039-660x440.jpg 660w, https:\/\/naturland.hu\/wp-content\/uploads\/2021\/10\/NaturlandGyar_039-1024x683.jpg 1024w, https:\/\/naturland.hu\/wp-content\/uploads\/2021\/10\/NaturlandGyar_039-440x293.jpg 440w, https:\/\/naturland.hu\/wp-content\/uploads\/2021\/10\/NaturlandGyar_039-768x512.jpg 768w, https:\/\/naturland.hu\/wp-content\/uploads\/2021\/10\/NaturlandGyar_039-1536x1024.jpg 1536w, https:\/\/naturland.hu\/wp-content\/uploads\/2021\/10\/NaturlandGyar_039-20x13.jpg 20w, https:\/\/naturland.hu\/wp-content\/uploads\/2021\/10\/NaturlandGyar_039-600x400.jpg 600w\" sizes=\"(max-width: 1620px) 100vw, 1620px\" alt=\"\" \t\tclass=\"so-widget-image\"\/>\n\t<\/div>\n\n<\/div><\/div><\/div><\/div><div id=\"pg-194-1\"  class=\"panel-grid panel-has-style\" ><div class=\"panel-row-style panel-row-style-for-194-1\" ><div id=\"pgc-194-1-0\"  class=\"panel-grid-cell\" ><div id=\"panel-194-1-0-0\" class=\"so-panel widget widget_sow-editor panel-first-child panel-last-child\" data-index=\"1\" ><div\n\t\t\t\n\t\t\tclass=\"so-widget-sow-editor so-widget-sow-editor-base\"\n\t\t\t\n\t\t>\n<div class=\"siteorigin-widget-tinymce textwidget\">\n\t<p><span style=\"font-weight: 400;\">Felel\u0151sen a t\u00e1rsadalom\u00e9rt, k\u00f6rnyezet\u00fcnk\u00e9rt, ez \u00edgy term\u00e9szetes<\/span><\/p>\n<p><span style=\"font-weight: 400;\">A Naturland minden termel\u00e9si d\u00f6nt\u00e9se eset\u00e9n tudatosan figyel\u00fcnk k\u00f6rnyezet\u00fcnk, a kl\u00edma v\u00e9delm\u00e9re. Ha \u00faj eszk\u00f6z\u00f6ket szerz\u00fcnk be, igyeksz\u00fcnk olyan korszer\u0171 technol\u00f3gi\u00e1kat v\u00e1lasztani, amelyek alkalmaz\u00e1s\u00e1val k\u00f6zvetve, vagy k\u00f6zvetlen\u00fcl is \u00f3vjuk k\u00f6rnyezet\u00fcnket. Cs\u00f6kkentett\u00fck a k\u00f6rnyezetre k\u00e1ros vegyszerek, szerves old\u00f3szerek felhaszn\u00e1l\u00e1s\u00e1t, \u00e9s a megsemmis\u00edtend\u0151 vesz\u00e9lyes hullad\u00e9k mennyis\u00e9g\u00e9t a korszer\u0171bb analitikai eszk\u00f6z\u00f6knek k\u00f6sz\u00f6nhet\u0151en. \u00c9rt\u00e9kes\u00edt\u00e9si \u00e9s rakt\u00e1rkezel\u00e9si rendszer\u00fcnk r\u00e9v\u00e9n egyre kevesebb pap\u00edr alap\u00fa bizonylat k\u00e9sz\u00fcl. K\u00e9sz\u00e1ru rakt\u00e1runkban olyan vonalk\u00f3dos azonos\u00edt\u00e1st alkalmazunk, amely hat\u00e9konyabb, gyorsabb \u00e9s k\u00f6rnyezetk\u00edm\u00e9l\u0151bb m\u0171k\u00f6d\u00e9st biztos\u00edt.<\/span><\/p>\n<p><span style=\"font-weight: 400;\">Sz\u00f3r\u00f3lapjaink \u00e9s rekl\u00e1mt\u00e1sk\u00e1ink k\u00e9sz\u00edt\u00e9sekor el\u0151nyben r\u00e9szes\u00edtj\u00fck a k\u00f6rnyezetk\u00edm\u00e9l\u0151 anyagok alkalmaz\u00e1s\u00e1t. Teafiltereinkn\u00e9l pedig nem haszn\u00e1lunk f\u00e9m r\u00f6gz\u00edt\u0151kapcsokat. Csomagol\u00e1saink kiv\u00e1laszt\u00e1s\u00e1n\u00e1l is a k\u00f6rnyezettudatos megold\u00e1sokra t\u00f6reksz\u00fcnk. Ez azt is jelenti, hogy a fogyaszt\u00f3i ig\u00e9nyek figyelembev\u00e9tel\u00e9vel hat\u00e1rozzuk meg a kiszerel\u00e9seket. \u00cdgy a felesleges term\u00e9kv\u00e1s\u00e1rl\u00e1sb\u00f3l ad\u00f3d\u00f3 csomagol\u00f3anyagokkal nem terhelj\u00fck a k\u00f6rnyezetet.<\/span><\/p>\n<p><span style=\"font-weight: 400;\">Term\u00e9keink csomagol\u00e1s\u00e1t folyamatosan \u00faj\u00edtjuk, hogy az eszt\u00e9tikumon \u00e9s a praktikumon t\u00fal min\u00e9l t\u00f6bb hasznos inform\u00e1ci\u00f3val l\u00e1thassuk el v\u00e1s\u00e1rl\u00f3inkat m\u00e1r a dobozokon is.\u00a0<\/span><\/p>\n<p><span style=\"font-weight: 400;\">A Magyarorsz\u00e1gi Gy\u00f3gyszergy\u00e1rt\u00f3k Orsz\u00e1gos Sz\u00f6vets\u00e9g\u00e9nek tagv\u00e1llalatak\u00e9nt csatlakoztunk azon gy\u00f3gyszeripari c\u00e9gekhez, amelyek magukra n\u00e9zve k\u00f6telez\u0151nek fogadj\u00e1k el a Generikus Transzparencia K\u00f3dex rendelkez\u00e9seit. Ez egy olyan \u00f6nszab\u00e1lyoz\u00f3 kezdem\u00e9nyez\u00e9s, amely \u00e1tl\u00e1that\u00f3v\u00e1 teszi a gy\u00f3gyszergy\u00e1rt\u00f3k \u00e9s az eg\u00e9szs\u00e9g\u00fcgyi szerepl\u0151k k\u00f6z\u00f6tti kapcsolatot, ez\u00e1ltal n\u00f6velve a p\u00e1ciensek bizalm\u00e1t. A K\u00f3dex el\u0151\u00edr\u00e1saival \u00f6sszhangban 2020-t\u00f3l kezdve a Naturland minden \u00e9vben k\u00f6zz\u00e9teszi a honlapon a szab\u00e1lyoz\u00e1s hat\u00e1lya al\u00e1 tartoz\u00f3 juttat\u00e1sokat.<\/span><\/p>\n<p><span style=\"font-weight: 400;\">A Naturlandn\u00e1l valljuk, hogy a magyar gy\u00f3gyn\u00f6v\u00e9nyek el\u00e9v\u00fclhetetlen \u00e9rt\u00e9keink, \u00e9vsz\u00e1zados hagyom\u00e1nyunk r\u00e9szei. \u00c9ppen ez\u00e9rt az eg\u00e9szs\u00e9gtudatos \u00e9letm\u00f3dra t\u00f6rekv\u00e9sben felel\u0151sen felhaszn\u00e1ljuk \u0151ket, \u00e9s mindent megtesz\u00fcnk az\u00e9rt, hogy ezt a kincset meg\u0151rizz\u00fck \u00e9s tov\u00e1bbadjuk.\u00a0\u00a0<\/span><\/p>\n<p><span style=\"font-weight: 400;\">Hisz\u00fcnk abban is, hogy mindenkinek joga van az eg\u00e9szs\u00e9ghez \u00e9s az eg\u00e9szs\u00e9ges \u00e9letm\u00f3dhoz. Ez\u00e9rt az el\u00e9rhet\u0151 legjobb \u00e1r-\u00e9rt\u00e9k ar\u00e1ny biztos\u00edt\u00e1s\u00e1val t\u00f6reksz\u00fcnk arra, hogy k\u00e9sz\u00edtm\u00e9nyeink mindenki sz\u00e1m\u00e1ra hozz\u00e1f\u00e9rhet\u0151ek legyenek.<\/span><\/p>\n<p>A\u00a0<a href=\"\/kapcsolat\/\">Kapcsolat<\/a> men\u00fcpont alatt megtal\u00e1lhat\u00f3 el\u00e9rhet\u0151s\u00e9geinken \u00e1llunk partnereink, v\u00e1s\u00e1rl\u00f3ink rendelkez\u00e9s\u00e9re.<\/p>\n<\/div>\n<\/div><\/div><\/div><\/div><\/div><div id=\"pg-194-2\"  class=\"panel-grid panel-has-style\" ><div class=\"panel-row-style panel-row-style-for-194-2\" ><div id=\"pgc-194-2-0\"  class=\"panel-grid-cell\" ><div id=\"panel-194-2-0-0\" class=\"so-panel widget widget_ndm-smalltitle panel-first-child\" data-index=\"2\" ><div\n\t\t\t\n\t\t\tclass=\"so-widget-ndm-smalltitle so-widget-ndm-smalltitle-default-d75171398898-194\"\n\t\t\t\n\t\t><h6 class=\"ndm-small-title text-left text-left mt-2 mb-2\">Kapcsol\u00f3d\u00f3 anyagok<\/h6><\/div><\/div><div id=\"panel-194-2-0-1\" class=\"so-panel widget widget_ndm-kapcsolodo-anyagok panel-last-child\" data-index=\"3\" ><div\n\t\t\t\n\t\t\tclass=\"so-widget-ndm-kapcsolodo-anyagok so-widget-ndm-kapcsolodo-anyagok-default-d75171398898-194\"\n\t\t\t\n\t\t>\t\t\t\t<div class=\"ndm-ka__row p-2 mb-1\">\n\t\t\t\t\t<div class=\"row align-items-center\">\n\t\t\t\t\t\t<div class=\"ndm-ka__title col-md-8\">\n\t\t\t\t\t\t\t<p class=\"mb-2 mb-lg-0\">\n\t\t\t\t\t\t\t\tGenerikus Transzparencia K\u00f3dex\t\t\t\t\t\t\t<\/p>\n\t\t\t\t\t\t<\/div>\n\t\t\t\t\t\t<div class=\"ndm-ka__download col-md-4 text-left text-lg-right mb-0\">\n\t\t\t\t\t\t\t<a href=\"\/wp-content\/uploads\/2021\/09\/Generikus-Transzparencia-Kodex.pdf\" class=\"btn btn-primary\" target=\"_blank\" rel=\"noopener\">\n\t\t\t\t\t\t\t\tLet\u00f6lt\u00e9s\t\t\t\t\t\t\t<\/a>\n\t\t\t\t\t\t<\/div>\n\t\t\t\t\t<\/div>\n\t\t\t\t<\/div>\n\t\t\t\t\t\t\t<div class=\"ndm-ka__row p-2 mb-1\">\n\t\t\t\t\t<div class=\"row align-items-center\">\n\t\t\t\t\t\t<div class=\"ndm-ka__title col-md-8\">\n\t\t\t\t\t\t\t<p class=\"mb-2 mb-lg-0\">\n\t\t\t\t\t\t\t\tNaturland Allerg\u00e9n Management - V\u00e1llalati elk\u00f6telezetts\u00e9g\t\t\t\t\t\t\t<\/p>\n\t\t\t\t\t\t<\/div>\n\t\t\t\t\t\t<div class=\"ndm-ka__download col-md-4 text-left text-lg-right mb-0\">\n\t\t\t\t\t\t\t<a href=\"\/wp-content\/uploads\/2021\/09\/Allergen-Management-Vallalati-elkotelezettseg-v02_2-20201119.pdf\" class=\"btn btn-primary\" target=\"_blank\" rel=\"noopener\">\n\t\t\t\t\t\t\t\tLet\u00f6lt\u00e9s\t\t\t\t\t\t\t<\/a>\n\t\t\t\t\t\t<\/div>\n\t\t\t\t\t<\/div>\n\t\t\t\t<\/div>\n\t\t\t\t\t\t\t<div class=\"ndm-ka__row p-2 mb-1\">\n\t\t\t\t\t<div class=\"row align-items-center\">\n\t\t\t\t\t\t<div class=\"ndm-ka__title col-md-8\">\n\t\t\t\t\t\t\t<p class=\"mb-2 mb-lg-0\">\n\t\t\t\t\t\t\t\tTranszparencia Jelent\u00e9s 2020\t\t\t\t\t\t\t<\/p>\n\t\t\t\t\t\t<\/div>\n\t\t\t\t\t\t<div class=\"ndm-ka__download col-md-4 text-left text-lg-right mb-0\">\n\t\t\t\t\t\t\t<a href=\"\/wp-content\/uploads\/2021\/09\/Transzparencia-Jelentes-2020.pdf\" class=\"btn btn-primary\" target=\"_blank\" rel=\"noopener\">\n\t\t\t\t\t\t\t\tLet\u00f6lt\u00e9s\t\t\t\t\t\t\t<\/a>\n\t\t\t\t\t\t<\/div>\n\t\t\t\t\t<\/div>\n\t\t\t\t<\/div>\n\t\t\t<\/div><\/div><\/div><\/div><\/div><\/div>","protected":false},"excerpt":{"rendered":"<p>Felel\u0151sen a t\u00e1rsadalom\u00e9rt, k\u00f6rnyezet\u00fcnk\u00e9rt, ez \u00edgy term\u00e9szetes A Naturland minden termel\u00e9si d\u00f6nt\u00e9se eset\u00e9n tudatosan figyel\u00fcnk k\u00f6rnyezet\u00fcnk,&#8230;<\/p>\n","protected":false},"author":2,"featured_media":0,"parent":0,"menu_order":8,"comment_status":"closed","ping_status":"closed","template":"","meta":{"inline_featured_image":false,"footnotes":""},"class_list":["post-194","page","type-page","status-publish","hentry"],"_links":{"self":[{"href":"https:\/\/naturland.hu\/en\/wp-json\/wp\/v2\/pages\/194","targetHints":{"allow":["GET"]}}],"collection":[{"href":"https:\/\/naturland.hu\/en\/wp-json\/wp\/v2\/pages"}],"about":[{"href":"https:\/\/naturland.hu\/en\/wp-json\/wp\/v2\/types\/page"}],"author":[{"embeddable":true,"href":"https:\/\/naturland.hu\/en\/wp-json\/wp\/v2\/users\/2"}],"replies":[{"embeddable":true,"href":"https:\/\/naturland.hu\/en\/wp-json\/wp\/v2\/comments?post=194"}],"version-history":[{"count":0,"href":"https:\/\/naturland.hu\/en\/wp-json\/wp\/v2\/pages\/194\/revisions"}],"wp:attachment":[{"href":"https:\/\/naturland.hu\/en\/wp-json\/wp\/v2\/media?parent=194"}],"curies":[{"name":"wp","href":"https:\/\/api.w.org\/{rel}","templated":true}]}}