{"id":16362,"date":"2026-04-21T17:26:24","date_gmt":"2026-04-21T15:26:24","guid":{"rendered":"https:\/\/naturland.hu\/?page_id=16362"},"modified":"2026-04-24T11:00:35","modified_gmt":"2026-04-24T09:00:35","slug":"etkezesi-naplo","status":"publish","type":"page","link":"https:\/\/naturland.hu\/en\/etkezesi-naplo\/","title":{"rendered":"Let\u00f6lthet\u0151 t\u00e1pl\u00e1lkoz\u00e1si napl\u00f3"},"content":{"rendered":"<div id=\"pl-16362\"  class=\"panel-layout\" ><div id=\"pg-16362-0\"  class=\"panel-grid panel-no-style\" ><div id=\"pgc-16362-0-0\"  class=\"panel-grid-cell\" ><div id=\"panel-16362-0-0-0\" class=\"so-panel widget widget_ndm-smalltitle panel-first-child\" data-index=\"0\" ><div\n\t\t\t\n\t\t\tclass=\"so-widget-ndm-smalltitle so-widget-ndm-smalltitle-default-d75171398898-16362\"\n\t\t\t\n\t\t><h3 class=\"ndm-small-title text-left theme_light_green mt-2 mb-2\">Kezdd el meg\u00e9rteni a tested m\u0171k\u00f6d\u00e9s\u00e9t \u2013 nap mint nap.<\/h3><\/div><\/div><div id=\"panel-16362-0-0-1\" class=\"so-panel widget widget_sow-editor\" data-index=\"1\" ><div\n\t\t\t\n\t\t\tclass=\"so-widget-sow-editor so-widget-sow-editor-base\"\n\t\t\t\n\t\t>\n<div class=\"siteorigin-widget-tinymce textwidget\">\n\t<p>T\u00f6ltsd le <strong>ingyenes t\u00e1pl\u00e1lkoz\u00e1si napl\u00f3nkat<\/strong>, \u00e9s fedezd fel, mi hat igaz\u00e1n az energiaszintedre, k\u00f6z\u00e9rzetedre \u00e9s mindennapi egyens\u00falyodra.<\/p>\n<\/div>\n<\/div><\/div><div id=\"panel-16362-0-0-2\" class=\"so-panel widget widget_sow-button\" data-index=\"2\" ><div\n\t\t\t\n\t\t\tclass=\"so-widget-sow-button so-widget-sow-button-flat-b61c58d96bf5-16362\"\n\t\t\t\n\t\t><div class=\"ow-button-base ow-button-align-left\"\n>\n\t\t\t<a\n\t\t\t\t\thref=\"#newsletter\"\n\t\t\t\t\tclass=\"sowb-button ow-icon-placement-left\" \t>\n\t\t<span>\n\t\t\t\n\t\t\tLet\u00f6lt\u00f6m a t\u00e1pl\u00e1lkoz\u00e1si napl\u00f3t\t\t<\/span>\n\t\t\t<\/a>\n\t<\/div>\n<\/div><\/div><div id=\"panel-16362-0-0-3\" class=\"so-panel widget widget_sow-editor panel-last-child\" data-index=\"3\" ><div\n\t\t\t\n\t\t\tclass=\"so-widget-sow-editor so-widget-sow-editor-base\"\n\t\t\t\n\t\t>\n<div class=\"siteorigin-widget-tinymce textwidget\">\n\t<p>Egyszer\u0171 \u2022 Gyakorlatias \u2022 Azonnal haszn\u00e1lhat\u00f3<\/p>\n<\/div>\n<\/div><\/div><\/div><div id=\"pgc-16362-0-1\"  class=\"panel-grid-cell\" ><div id=\"panel-16362-0-1-0\" class=\"so-panel widget widget_sow-image panel-first-child panel-last-child\" data-index=\"4\" ><div class=\"so-rounded panel-widget-style panel-widget-style-for-16362-0-1-0\" ><div\n\t\t\t\n\t\t\tclass=\"so-widget-sow-image so-widget-sow-image-default-8b5b6f678277-16362\"\n\t\t\t\n\t\t>\n<div class=\"sow-image-container\">\n\t\t<img \n\tsrc=\"https:\/\/naturland.hu\/wp-content\/uploads\/2026\/04\/Naturland-Kezdd-el-megerteni-a-tested-mukodeset-\u2013-nap-mint-nap.jpg\" width=\"1082\" height=\"720\" srcset=\"https:\/\/naturland.hu\/wp-content\/uploads\/2026\/04\/Naturland-Kezdd-el-megerteni-a-tested-mukodeset-\u2013-nap-mint-nap.jpg 1082w, https:\/\/naturland.hu\/wp-content\/uploads\/2026\/04\/Naturland-Kezdd-el-megerteni-a-tested-mukodeset-\u2013-nap-mint-nap-660x439.jpg 660w, https:\/\/naturland.hu\/wp-content\/uploads\/2026\/04\/Naturland-Kezdd-el-megerteni-a-tested-mukodeset-\u2013-nap-mint-nap-1024x681.jpg 1024w, https:\/\/naturland.hu\/wp-content\/uploads\/2026\/04\/Naturland-Kezdd-el-megerteni-a-tested-mukodeset-\u2013-nap-mint-nap-440x293.jpg 440w, https:\/\/naturland.hu\/wp-content\/uploads\/2026\/04\/Naturland-Kezdd-el-megerteni-a-tested-mukodeset-\u2013-nap-mint-nap-768x511.jpg 768w, https:\/\/naturland.hu\/wp-content\/uploads\/2026\/04\/Naturland-Kezdd-el-megerteni-a-tested-mukodeset-\u2013-nap-mint-nap-600x399.jpg 600w\" sizes=\"(max-width: 1082px) 100vw, 1082px\" title=\"Naturland - Kezdd el meg\u00e9rteni a tested m\u0171k\u00f6d\u00e9s\u00e9t \u2013 nap mint nap.\" alt=\"Naturland - Kezdd el meg\u00e9rteni a tested m\u0171k\u00f6d\u00e9s\u00e9t \u2013 nap mint nap.\" \t\tclass=\"so-widget-image\"\/>\n\t<\/div>\n\n<\/div><\/div><\/div><\/div><\/div><div id=\"pg-16362-1\"  class=\"panel-grid panel-has-style\" ><div class=\"panel-row-style panel-row-style-for-16362-1\" ><div id=\"pgc-16362-1-0\"  class=\"panel-grid-cell\" ><div id=\"panel-16362-1-0-0\" class=\"so-panel widget widget_sow-editor panel-first-child panel-last-child\" data-index=\"5\" ><div class=\"so-rounded panel-widget-style panel-widget-style-for-16362-1-0-0\" ><div\n\t\t\t\n\t\t\tclass=\"so-widget-sow-editor so-widget-sow-editor-base\"\n\t\t\t\n\t\t>\n<div class=\"siteorigin-widget-tinymce textwidget\">\n\t<h3 class=\"theme_light_green\" style=\"line-height: 2.8rem;\">Sokszor nem az a gond, hogy nem figyelsz magadra, hanem az, hogy nincs rendszer abban, amit csin\u00e1lsz.<\/h3>\n<p><\/p>\n<ul>\n<li>Mikor eszel \u2013 \u00e9s mit?<\/li>\n<li>Hogyan reag\u00e1l r\u00e1 a szervezeted?<\/li>\n<li>Mi\u00e9rt vagy egyik nap energikus, m\u00e1skor f\u00e1radt?<\/li>\n<\/ul>\n<p>\nAm\u00edg ezeket nem l\u00e1tod tiszt\u00e1n, neh\u00e9z tudatosan v\u00e1ltoztatni.<\/p>\n<\/div>\n<\/div><\/div><\/div><\/div><div id=\"pgc-16362-1-1\"  class=\"panel-grid-cell\" ><div id=\"panel-16362-1-1-0\" class=\"so-panel widget widget_sow-editor panel-first-child panel-last-child\" data-index=\"6\" ><div class=\"so-rounded panel-widget-style panel-widget-style-for-16362-1-1-0\" ><div\n\t\t\t\n\t\t\tclass=\"so-widget-sow-editor so-widget-sow-editor-base\"\n\t\t\t\n\t\t>\n<div class=\"siteorigin-widget-tinymce textwidget\">\n\t<h3 class=\"theme_light_green\" style=\"line-height: 2.8rem;\">Ez a t\u00e1pl\u00e1lkoz\u00e1si napl\u00f3 abban seg\u00edt, hogy v\u00e9gre \u00e1tl\u00e1sd az \u00f6sszef\u00fcgg\u00e9seket.<\/h3>\n<p><\/p>\n<p>\nNem bonyolult di\u00e9ta.<br \/>\nNem tilt\u00e1sok.\n<\/p>\n<p style=\"margin-bottom: 0\">\nHanem egy eszk\u00f6z, ami seg\u00edt:\n<\/p>\n<ul style=\"list-style-type: none\">\n<li>\u2714 tudatos\u00edtani a szok\u00e1saidat<\/li>\n<li>\u2714 felismerni a mint\u00e1zatokat<\/li>\n<li>\u2714 jobban odafigyelni a tested jelz\u00e9seire<\/li>\n<\/ul>\n<\/div>\n<\/div><\/div><\/div><\/div><\/div><\/div><div id=\"pg-16362-2\"  class=\"panel-grid panel-has-style\" ><div class=\"panel-row-style panel-row-style-for-16362-2\" ><div id=\"pgc-16362-2-0\"  class=\"panel-grid-cell\" ><div id=\"panel-16362-2-0-0\" class=\"so-panel widget widget_ndm-smalltitle panel-first-child\" data-index=\"7\" ><div\n\t\t\t\n\t\t\tclass=\"so-widget-ndm-smalltitle so-widget-ndm-smalltitle-default-d75171398898-16362\"\n\t\t\t\n\t\t><h3 class=\"ndm-small-title text-left theme_light_green mt-2 mb-2\">Mi\u00e9rt vezess t\u00e1pl\u00e1lkoz\u00e1si napl\u00f3t?<\/h3><\/div><\/div><div id=\"panel-16362-2-0-1\" class=\"so-panel widget widget_sow-editor panel-last-child\" data-index=\"8\" ><div\n\t\t\t\n\t\t\tclass=\"so-widget-sow-editor so-widget-sow-editor-base\"\n\t\t\t\n\t\t>\n<div class=\"siteorigin-widget-tinymce textwidget\">\n\t<p>A t\u00e1pl\u00e1lkoz\u00e1si napl\u00f3 vezet\u00e9se az\u00e9rt fontos, mert seg\u00edt felt\u00e1rni az em\u00e9szt\u00e9si probl\u00e9m\u00e1k m\u00f6g\u00f6tti \u00f6sszef\u00fcgg\u00e9seket, t\u00fcneteket \u00e9s kiv\u00e1lt\u00f3 okokat.<\/p>\n<\/div>\n<\/div><\/div><\/div><\/div><\/div><div id=\"pg-16362-3\"  class=\"panel-grid panel-has-style\" ><div class=\"panel-row-style panel-row-style-for-16362-3\" ><div id=\"pgc-16362-3-0\"  class=\"panel-grid-cell\" ><div id=\"panel-16362-3-0-0\" class=\"so-panel widget widget_sow-image panel-first-child panel-last-child\" data-index=\"9\" ><div class=\"so-rounded panel-widget-style panel-widget-style-for-16362-3-0-0\" ><div\n\t\t\t\n\t\t\tclass=\"so-widget-sow-image so-widget-sow-image-default-8b5b6f678277-16362\"\n\t\t\t\n\t\t>\n<div class=\"sow-image-container\">\n\t\t<img \n\tsrc=\"https:\/\/naturland.hu\/wp-content\/uploads\/2026\/04\/Naturland-Miert-vezess-taplalkozasi-naplot.jpg\" width=\"1082\" height=\"720\" srcset=\"https:\/\/naturland.hu\/wp-content\/uploads\/2026\/04\/Naturland-Miert-vezess-taplalkozasi-naplot.jpg 1082w, https:\/\/naturland.hu\/wp-content\/uploads\/2026\/04\/Naturland-Miert-vezess-taplalkozasi-naplot-660x439.jpg 660w, https:\/\/naturland.hu\/wp-content\/uploads\/2026\/04\/Naturland-Miert-vezess-taplalkozasi-naplot-1024x681.jpg 1024w, https:\/\/naturland.hu\/wp-content\/uploads\/2026\/04\/Naturland-Miert-vezess-taplalkozasi-naplot-440x293.jpg 440w, https:\/\/naturland.hu\/wp-content\/uploads\/2026\/04\/Naturland-Miert-vezess-taplalkozasi-naplot-768x511.jpg 768w, https:\/\/naturland.hu\/wp-content\/uploads\/2026\/04\/Naturland-Miert-vezess-taplalkozasi-naplot-600x399.jpg 600w\" sizes=\"(max-width: 1082px) 100vw, 1082px\" title=\"Naturland - Mi\u00e9rt vezess t\u00e1pl\u00e1lkoz\u00e1si napl\u00f3t\" alt=\"Naturland - Mi\u00e9rt vezess t\u00e1pl\u00e1lkoz\u00e1si napl\u00f3t\" \t\tclass=\"so-widget-image\"\/>\n\t<\/div>\n\n<\/div><\/div><\/div><\/div><div id=\"pgc-16362-3-1\"  class=\"panel-grid-cell\" ><div id=\"panel-16362-3-1-0\" class=\"so-panel widget widget_sow-editor panel-first-child\" data-index=\"10\" ><div\n\t\t\t\n\t\t\tclass=\"so-widget-sow-editor so-widget-sow-editor-base\"\n\t\t\t\n\t\t>\n<div class=\"siteorigin-widget-tinymce textwidget\">\n\t<p>Pontosan nyomon k\u00f6vethetj\u00fck, hogy <strong>mikor \u00e9s milyen \u00e9tel fogyaszt\u00e1sa ut\u00e1n jelentkeznek bizonyos t\u00fcnetek,<\/strong> p\u00e9ld\u00e1ul puffad\u00e1s, hasmen\u00e9s vagy sz\u00e9kreked\u00e9s.<\/p>\n<p><strong>Dietetikus vagy gasztroenterol\u00f3gus<\/strong> sz\u00e1m\u00e1ra \u00e9rt\u00e9kes adatokat szolg\u00e1ltat, amib\u0151l egy\u00e9nre szabott ter\u00e1pi\u00e1t vagy tan\u00e1csot tud adni.<\/p>\n<p>Az egy\u00e9ni adatokkal k\u00f6nnyebb <strong>c\u00e9lzott protokollt \u00e9s \u00e9letm\u00f3dbeli v\u00e1ltoztat\u00e1sokat kialak\u00edtani<\/strong>, ami a tart\u00f3s javul\u00e1shoz vezet.<\/p>\n<\/div>\n<\/div><\/div><div id=\"panel-16362-3-1-1\" class=\"so-panel widget widget_sow-button panel-last-child\" data-index=\"11\" ><div\n\t\t\t\n\t\t\tclass=\"so-widget-sow-button so-widget-sow-button-flat-b61c58d96bf5-16362\"\n\t\t\t\n\t\t><div class=\"ow-button-base ow-button-align-left\"\n>\n\t\t\t<a\n\t\t\t\t\thref=\"#newsletter\"\n\t\t\t\t\tclass=\"sowb-button ow-icon-placement-left ow-button-hover\" \t>\n\t\t<span>\n\t\t\t\n\t\t\tLet\u00f6lt\u00f6m a t\u00e1pl\u00e1lkoz\u00e1si napl\u00f3t\t\t<\/span>\n\t\t\t<\/a>\n\t<\/div>\n<\/div><\/div><\/div><\/div><\/div><div id=\"pg-16362-4\"  class=\"panel-grid panel-has-style\" ><div class=\"panel-row-style panel-row-style-for-16362-4\" ><div id=\"pgc-16362-4-0\"  class=\"panel-grid-cell\" ><div id=\"panel-16362-4-0-0\" class=\"so-panel widget widget_ndm-smalltitle panel-first-child\" data-index=\"12\" ><div\n\t\t\t\n\t\t\tclass=\"so-widget-ndm-smalltitle so-widget-ndm-smalltitle-default-d75171398898-16362\"\n\t\t\t\n\t\t><h3 class=\"ndm-small-title text-left theme_light_green mt-2 mb-2\">Ideje elkezdeni a t\u00e1pl\u00e1lkoz\u00e1si napl\u00f3 vezet\u00e9s\u00e9t!<\/h3><\/div><\/div><div id=\"panel-16362-4-0-1\" class=\"so-panel widget widget_sow-editor panel-last-child\" data-index=\"13\" ><div\n\t\t\t\n\t\t\tclass=\"so-widget-sow-editor so-widget-sow-editor-base\"\n\t\t\t\n\t\t>\n<div class=\"siteorigin-widget-tinymce textwidget\">\n\t<p>A Naturlandn\u00e1l hisz\u00fcnk abban, hogy az eg\u00e9szs\u00e9g nem egyetlen term\u00e9ken m\u00falik. Hanem azon, hogy figyelsz magadra \u2013 nap mint nap.<br \/>\nEz a napl\u00f3 ennek az els\u0151 l\u00e9p\u00e9se.<\/p>\n<\/div>\n<\/div><\/div><\/div><\/div><\/div><div id=\"pg-16362-5\"  class=\"panel-grid panel-has-style\" ><div id=\"newsletter\" class=\"panel-row-style panel-row-style-for-16362-5\" ><div id=\"pgc-16362-5-0\"  class=\"panel-grid-cell\" ><div id=\"panel-16362-5-0-0\" class=\"so-panel widget widget_text panel-first-child panel-last-child\" data-index=\"14\" >\t\t\t<div class=\"textwidget\">\r\n<div class=\"maileon_contact_form_container\">\r\n\t<div class=\"et_pb_contact\">\r\n\t\t<form id=\"maileon_contact_form\" class=\"et_pb_contact_form clearfix\" method=\"post\" action=\"https:\/\/naturland.hu\/koszonjuk-a-feliratkozast\">\r<input type=\"hidden\" id=\"_wpnonce\" name=\"_wpnonce\" value=\"0a4627f1fd\"\/><input type=\"hidden\" id=\"maileon_form_name\" name=\"form_name\" value=\"maileon-contact-form.php\"\/><input type=\"hidden\" id=\"maileon_doi\" name=\"doi\" value=\"true\"\/><input type=\"hidden\" id=\"maileon_sync_mode\" name=\"sync_mode\" value=\"1\"\/><input type=\"hidden\" id=\"maileon_template\" name=\"template\" value=\"maileon-contact-form.php\"\/><input type=\"hidden\" id=\"maileon_form_type\" name=\"form_type\" value=\"new\"\/>\n\r\n\t\t\t<style>\r\n\t\t\t\t.subscription_form {\r\n\t\t\t\t\tbackground: #fff;\r\n\t\t\t\t\tborder-radius: 10px;\r\n\t\t\t\t\tpadding: 30px;\r\n\t\t\t\t\tdisplay: flex;\r\n\t\t\t\t\tgap: 35px;\r\n\t\t\t\t\talign-items: flex-start;\r\n\t\t\t\t}\r\n\r\n\t\t\t\t.subscription_form .card {\r\n\t\t\t\t\tflex-basis: 50%;\r\n\t\t\t\t}\r\n\r\n\t\t\t\t.subscription_form .card .maileon_checkbox_container {\r\n\t\t\t\t\tdisplay: flex;\r\n\t\t\t\t\talign-items: flex-start;\r\n\t\t\t\t\tgap: 10px;\r\n\t\t\t\t}\r\n\r\n\t\t\t\t.subscription_form .card .maileon_checkbox_container label {\r\n\t\t\t\t\tfont-size: 12px;\r\n\t\t\t\t\tline-height: 16px;\r\n\t\t\t\t}\r\n\r\n\t\t\t\t.subscription_form .card .maileon_checkbox_container label a {\r\n\t\t\t\t\tfont-size: 12px;\r\n\t\t\t\t\tline-height: 16px;\r\n\t\t\t\t\ttext-decoration: underline;\r\n\t\t\t\t}\r\n\r\n\t\t\t\t.subscription_form h2 {\r\n\t\t\t\t\tfont-size: 24px;\r\n\t\t\t\t\tcolor: #5D9400;\r\n\t\t\t\t}\r\n\r\n\t\t\t\t.subscription_form p {\r\n\t\t\t\t\tfont-size: 16px;\r\n\t\t\t\t\tcolor: #8C8B8B;\r\n\t\t\t\t}\r\n\r\n\t\t\t\t.subscription_form input {\r\n\t\t\t\t\tborder-radius: 10px;\r\n\t\t\t\t\tborder: 1px solid #628A3A;\r\n\t\t\t\t}\r\n\r\n\t\t\t\t.subscription_form .card .card-row {\r\n\t\t\t\t\tdisplay: flex;\r\n\t\t\t\t\tgap: 10px;\r\n\t\t\t\t}\r\n\r\n\t\t\t\t.subscription_form .card .card-row .input {\r\n\t\t\t\t\tmargin-bottom: 0;\r\n\t\t\t\t}\r\n\r\n\t\t\t\t.subscription_form .card .card-row-1 {\r\n\t\t\t\t\tmargin-bottom: 10px;\r\n\t\t\t\t}\r\n\r\n\t\t\t\t.subscription_form .card .card-row-2 {\r\n\t\t\t\t\tmargin-bottom: 20px;\r\n\t\t\t\t\tgap: 0;\r\n\t\t\t\t\talign-items: flex-end;\r\n\t\t\t\t}\r\n\r\n\t\t\t\t.subscription_form .card .card-row-3 {\r\n\t\t\t\t\tdisplay: block;\r\n\t\t\t\t\tmargin-bottom: 10px;\r\n\t\t\t\t}\r\n\r\n\t\t\t\t.subscription_form .card .card-row-4 {\r\n\t\t\t\t\talign-items: flex-end;\r\n\t\t\t\t}\r\n\r\n\t\t\t\t.subscription_form .card .card-row-4 p {\r\n\t\t\t\t\tmargin-bottom: 0;\r\n\t\t\t\t}\r\n\r\n\t\t\t\t.subscription_form .card .card-row .form_container {\r\n\t\t\t\t\twidth: 100%;\r\n\t\t\t\t}\r\n\r\n\t\t\t\t.subscription_form .card .card-row .form_container .input-label {\r\n\t\t\t\t\tfont-size: 16px;\r\n\t\t\t\t}\r\n\r\n\t\t\t\t.subscription_form .card .card-row #maileon_contact_form_button {\r\n\t\t\t\t\tfont-size: 16px;\r\n\t\t\t\t\tline-height: 22px;\r\n\t\t\t\t\tfont-weight: 700;\r\n\t\t\t\t\tcolor: #000;\r\n\t\t\t\t\ttext-align: center;\r\n\t\t\t\t\tbackground-color: #F0D457;\r\n\t\t\t\t\twhite-space: normal;\r\n\t\t\t\t\tborder-radius: 10px;\r\n\t\t\t\t\tpadding: 5px 10px;\r\n\t\t\t\t\twidth: 100%;\r\n\t\t\t\t\theight: 60px;\r\n\t\t\t\t}\r\n\r\n\t\t\t\t@media only screen and (max-width: 768px) {\r\n\t\t\t\t\t.subscription_form {\r\n\t\t\t\t\t\tflex-wrap: wrap;\r\n\t\t\t\t\t}\r\n\r\n\t\t\t\t\t.subscription_form .card {\r\n\t\t\t\t\t\tflex-basis: 100%;\r\n\t\t\t\t\t}\r\n\t\t\t\t}\r\n\t\t\t<\/style>\r\n\r\n\t\t\t<article class=\"subscription_form\">\r\n\r\n\t\t\t\t<div class=\"card\">\r\n                    <h2 class=\"text-h3 text-m-h4\">T\u00f6ltsd le most ingyen, \u00e9s kezdd el m\u00e1r ma!<\/h2>\r\n                    <p class=\"text-small\">M\u00e1r csak egy l\u00e9p\u00e9s v\u00e1laszt el att\u00f3l, hogy elkezdhesd vezetni a saj\u00e1t t\u00e1pl\u00e1lkoz\u00e1si napl\u00f3dat.<\/p>\r\n\t\t\t\t\t<p class=\"text-small\"><strong>Iratkozz fel h\u00edrlevel\u00fcnkre<\/strong>, \u00e9s mi elk\u00fcldj\u00fck neked a NATURLAND t\u00e1pl\u00e1lkoz\u00e1si napl\u00f3j\u00e1t <strong>let\u00f6lthet\u0151 PDF form\u00e1ban<\/strong>, \u00edgy ak\u00e1r otthon <strong>ki is nyomtathatod<\/strong> magadnak.<\/p>\r\n                <\/div>\r\n\r\n\t\t\t\t<div class=\"card\">\r\n\t\t\t\t\t<div class=\"card-row card-row-1\">\r\n\t\t\t\t\t\t<div class=\"form_container\">\r\n\t\t\t\t\t\t\t<label class=\"input\">\r\n\t\t\t\t\t\t\t\t<span id=\"maileon_contact_form_lastname_label\" class=\"input-label\">Vezet\u00e9kn\u00e9v<\/span>\r\n\t\t\t\t\t\t\t\t<input \r\n\t\t\t\t\t\t\t\t\tid=\"maileon_contact_form_lastname\" \r\n\t\t\t\t\t\t\t\t\tname=\"standard_LASTNAME\" \r\n\t\t\t\t\t\t\t\t\tclass=\"input-field\" \r\n\t\t\t\t\t\t\t\t\ttype=\"text\" \r\n\t\t\t\t\t\t\t\t\tplaceholder=\"Vezet\u00e9kn\u00e9v\" \r\n\t\t\t\t\t\t\t\t\tvalue=\"\" \/>\r\n\t\t\t\t\t\t\t<\/label>\r\n\t\t\t\t\t\t<\/div>\r\n\t\t\t\t\t\t<div class=\"form_container\">\r\n\t\t\t\t\t\t\t<label class=\"input\">\r\n\t\t\t\t\t\t\t\t<span id=\"maileon_contact_form_firstname_label\" class=\"input-label\">Keresztn\u00e9v<\/span>\r\n\t\t\t\t\t\t\t\t<input \r\n\t\t\t\t\t\t\t\t\tid=\"maileon_contact_form_firstname\" \r\n\t\t\t\t\t\t\t\t\tname=\"standard_FIRSTNAME\" \r\n\t\t\t\t\t\t\t\t\tclass=\"input-field\" \r\n\t\t\t\t\t\t\t\t\ttype=\"text\" \r\n\t\t\t\t\t\t\t\t\tplaceholder=\"Keresztn\u00e9v\" \r\n\t\t\t\t\t\t\t\t\tvalue=\"\" \/>\r\n\t\t\t\t\t\t\t<\/label>\r\n\t\t\t\t\t\t<\/div>\r\n\t\t\t\t\t<\/div>\r\n\t\t\t\t\t<div class=\"card-row card-row-2\">\r\n\t\t\t\t\t\t<div class=\"form_container\">\r\n\t\t\t\t\t\t\t<label class=\"input\">\r\n\t\t\t\t\t\t\t\t<span id=\"maileon_contact_form_email_label\" class=\"input-label\">E-mail c\u00edm<\/span>\r\n\t\t\t\t\t\t\t\t<input \r\n\t\t\t\t\t\t\t\t\tid=\"maileon_contact_form_email\" \r\n\t\t\t\t\t\t\t\t\tname=\"email\" \r\n\t\t\t\t\t\t\t\t\tclass=\"input-field\" \r\n\t\t\t\t\t\t\t\t\ttype=\"text\" \r\n\t\t\t\t\t\t\t\t\tplaceholder=\"E-mail c\u00edm\"\r\n\t\t\t\t\t\t\t\t\tvalue=\"\"  required=\"true\" \/>\r\n\t\t\t\t\t\t\t<\/label>\r\n\t\t\t\t\t\t<\/div>\r\n\t\t\t\t\t<\/div>\r\n\t\t\t\t\t\r\n\t\t\t\t\t<div class=\"card-row card-row-3\">\r\n\t\t\t\t\t\t<div class=\"maileon_checkbox_container\">\r\n\t\t\t\t\t\t\t<input id=\"maileon_contact_form_tracking\" name=\"doiplus\" value=\"true\" type=\"checkbox\" required=\"true\">\r\n\t\t\t\t\t\t\t<label for=\"maileon_contact_form_tracking\" class=\"text-extra-small\">Hozz\u00e1j\u00e1rulok ahhoz, hogy a naturland.hu a nevemet \u00e9s e-mail c\u00edmemet h\u00edrlevelez\u00e9si c\u00e9llal kezelje \u00e9s a r\u00e9szemre gazdas\u00e1gi rekl\u00e1mot is tartalmaz\u00f3 email h\u00edrleveleket k\u00fcldj\u00f6n.<\/label>\r\n\t\t\t\t\t\t<\/div>\r\n\t\t\t\t\t\t\r\n\t\t\t\t\t\t<div class=\"maileon_checkbox_container\">\r\n\t\t\t\t\t\t\t<input id=\"maileon_contact_form_privacy\" name=\"privacy\" value=\"true\" type=\"checkbox\" required=\"true\">\r\n\t\t\t\t\t\t\t<label for=\"maileon_contact_form_privacy\" class=\"text-extra-small\">Az <a href=\"\" target=\"_blank\">Adatkezel\u00e9si t\u00e1j\u00e9koztat\u00f3t<\/a> elolvastam \u00e9s elfogadom.<\/label>\r\n\t\t\t\t\t\t<\/div>\r\n\t\t\t\t\t<\/div>\r\n\t\t\t\t\t\r\n\t\t\t\t\t<div class=\"card-row card-row-4\">\r\n\t\t\t\t\t\t\t\t\t\t\t\t<input type=\"hidden\" name=\"preference_\u00c9rdekl\u0151d\u00e9s:Em\u00e9szt\u00e9s\" value=\"true\">\r\n\t\t\t\t\t\t<button id=\"maileon_contact_form_button\">Feliratkozom, \u00e9s k\u00e9rem a t\u00e1pl\u00e1lkoz\u00e1si napl\u00f3t<\/button>\r\n\t\t\t\t\t<\/div>\r\n\r\n\t\t\t\t\t\t\t\t\t<\/div>\r\n\t\t\t<\/article>\r\n\t\t<\/form>\r\n\t<\/div> <!-- .et_pb_contact -->\r\n<\/div> <!-- .et_pb_contact_form_container -->\r\n\r\n\n<\/div>\n\t\t<\/div><\/div><\/div><\/div><\/div>","protected":false},"excerpt":{"rendered":"<p>T\u00f6ltsd le ingyenes t\u00e1pl\u00e1lkoz\u00e1si napl\u00f3nkat, \u00e9s fedezd fel, mi hat igaz\u00e1n az energiaszintedre, k\u00f6z\u00e9rzetedre \u00e9s mindennapi&#8230;<\/p>\n","protected":false},"author":2,"featured_media":0,"parent":0,"menu_order":6,"comment_status":"closed","ping_status":"closed","template":"fullwidth.php","meta":{"inline_featured_image":false,"footnotes":""},"class_list":["post-16362","page","type-page","status-publish","hentry"],"_links":{"self":[{"href":"https:\/\/naturland.hu\/en\/wp-json\/wp\/v2\/pages\/16362","targetHints":{"allow":["GET"]}}],"collection":[{"href":"https:\/\/naturland.hu\/en\/wp-json\/wp\/v2\/pages"}],"about":[{"href":"https:\/\/naturland.hu\/en\/wp-json\/wp\/v2\/types\/page"}],"author":[{"embeddable":true,"href":"https:\/\/naturland.hu\/en\/wp-json\/wp\/v2\/users\/2"}],"replies":[{"embeddable":true,"href":"https:\/\/naturland.hu\/en\/wp-json\/wp\/v2\/comments?post=16362"}],"version-history":[{"count":0,"href":"https:\/\/naturland.hu\/en\/wp-json\/wp\/v2\/pages\/16362\/revisions"}],"wp:attachment":[{"href":"https:\/\/naturland.hu\/en\/wp-json\/wp\/v2\/media?parent=16362"}],"curies":[{"name":"wp","href":"https:\/\/api.w.org\/{rel}","templated":true}]}}