{"id":1320,"date":"2021-10-27T16:15:47","date_gmt":"2021-10-27T14:15:47","guid":{"rendered":"http:\/\/nldo.diff.hu\/?page_id=1320"},"modified":"2025-02-18T13:26:43","modified_gmt":"2025-02-18T12:26:43","slug":"az-ajandek-is-termeszetes","status":"publish","type":"page","link":"https:\/\/naturland.hu\/en\/az-ajandek-is-termeszetes\/","title":{"rendered":"Az aj\u00e1nd\u00e9k is term\u00e9szetes"},"content":{"rendered":"<div id=\"pl-1320\"  class=\"panel-layout\" ><div id=\"pg-1320-0\"  class=\"panel-grid panel-no-style\" ><div id=\"pgc-1320-0-0\"  class=\"panel-grid-cell panel-grid-cell-empty panel-grid-cell-mobile-last\" ><\/div><div id=\"pgc-1320-0-1\"  class=\"panel-grid-cell panel-grid-cell-empty\" ><\/div><\/div><div id=\"pg-1320-1\"  class=\"panel-grid panel-no-style\" ><div id=\"pgc-1320-1-0\"  class=\"panel-grid-cell\" ><div id=\"panel-1320-1-0-0\" class=\"so-panel widget widget_sow-editor panel-first-child\" data-index=\"0\" ><div\n\t\t\t\n\t\t\tclass=\"so-widget-sow-editor so-widget-sow-editor-base\"\n\t\t\t\n\t\t>\n<div class=\"siteorigin-widget-tinymce textwidget\">\n\t<p><strong>Gy\u0171jts \u00f6ssze a pontokkal ell\u00e1tott NATURLAND term\u00e9kek csomagol\u00e1s\u00e1n elhelyezett pontokb\u00f3l \u00f6sszesen 10 pontot, \u00e9s v\u00e1lassz egyet az aj\u00e1nd\u00e9kaink k\u00f6z\u00fcl:<\/strong><\/p>\n<p style=\"text-align: center;\">1 db <strong>1000 mg C-vitamin tabletta 20x<\/strong>\u00a0vagy<br \/>\n1 db\u00a0<strong>\u00c1rnika kr\u00e9m<\/strong>\u00a0vagy<br \/>\n1 db\u00a0<strong>K\u00f6r\u00f6mvir\u00e1g kr\u00e9m Classic<\/strong>\u00a0vagy<br \/>\n1 db\u00a0<strong>Sv\u00e9dkeser\u0171<\/strong>\u00a0kr\u00e9m<\/p>\n<\/div>\n<\/div><\/div><div id=\"panel-1320-1-0-1\" class=\"so-panel widget widget_media_image\" data-index=\"1\" ><img loading=\"lazy\" decoding=\"async\" width=\"660\" height=\"440\" src=\"https:\/\/naturland.hu\/wp-content\/uploads\/2021\/10\/NaturlandGyar_030-660x440.jpg\" class=\"image wp-image-1321  attachment-medium size-medium\" alt=\"\" style=\"max-width: 100%; height: auto;\" srcset=\"https:\/\/naturland.hu\/wp-content\/uploads\/2021\/10\/NaturlandGyar_030-660x440.jpg 660w, https:\/\/naturland.hu\/wp-content\/uploads\/2021\/10\/NaturlandGyar_030-1024x683.jpg 1024w, https:\/\/naturland.hu\/wp-content\/uploads\/2021\/10\/NaturlandGyar_030-440x293.jpg 440w, https:\/\/naturland.hu\/wp-content\/uploads\/2021\/10\/NaturlandGyar_030-768x512.jpg 768w, https:\/\/naturland.hu\/wp-content\/uploads\/2021\/10\/NaturlandGyar_030-1536x1024.jpg 1536w, https:\/\/naturland.hu\/wp-content\/uploads\/2021\/10\/NaturlandGyar_030-20x13.jpg 20w, https:\/\/naturland.hu\/wp-content\/uploads\/2021\/10\/NaturlandGyar_030-600x400.jpg 600w, https:\/\/naturland.hu\/wp-content\/uploads\/2021\/10\/NaturlandGyar_030.jpg 1620w\" sizes=\"auto, (max-width: 660px) 100vw, 660px\" \/><\/div><div id=\"panel-1320-1-0-2\" class=\"so-panel widget widget_sow-editor panel-last-child\" data-index=\"2\" ><div\n\t\t\t\n\t\t\tclass=\"so-widget-sow-editor so-widget-sow-editor-base\"\n\t\t\t\n\t\t>\n<div class=\"siteorigin-widget-tinymce textwidget\">\n\t<div>Nincs m\u00e1s dolgod, mint a term\u00e9kek dobozair\u00f3l a sz\u00ednes keret ment\u00e9n kiv\u00e1gni a pontokat (a term\u00e9k nev\u00e9vel egy\u00fctt), lez\u00e1rt bor\u00edt\u00e9kban bek\u00fcldeni a k\u00f6vetkez\u0151 c\u00edmre:<\/div>\n<div style=\"text-align: center;\"><strong>NATURLAND Magyarorsz\u00e1g Kft.<br \/>\n1656 R\u00e1koskereszt\u00far 1. Pf. 73.<\/strong><\/div>\n<div>Ne felejtsd el a bor\u00edt\u00e9kon felt\u00fcntetni a <strong>v\u00e1lasztott aj\u00e1nd\u00e9k<\/strong> megnevez\u00e9s\u00e9t, <strong>a neved \u00e9s a c\u00edmed<\/strong>! Javasoljuk, hogy az <strong>e-mail c\u00edmedet<\/strong> \u00e9s\/vagy a <strong>telefonsz\u00e1modat<\/strong> is add meg nek\u00fcnk a sz\u00e1ll\u00edt\u00e1si c\u00edm mell\u00e9, hogy sz\u00fcks\u00e9g eset\u00e9n koll\u00e9g\u00e1ink vagy a sz\u00e1ll\u00edt\u00e1st v\u00e9gz\u0151 fut\u00e1r is kapcsolatba tudjon l\u00e9pni veled. N\u00e1lunk az aj\u00e1nd\u00e9k is term\u00e9szetes: a pontok k\u00e9zhezv\u00e9tel\u00e9t k\u00f6vet\u0151en 30 napon bel\u00fcl post\u00e1zzuk az \u00e1ltalad kiv\u00e1lasztott term\u00e9ket! Term\u00e9szetesen 20 pont eset\u00e9n 2 db, m\u00edg 30 pont eset\u00e9n m\u00e1r 3 db aj\u00e1nd\u00e9kot v\u00e1laszthatsz\u2026<\/div>\n<div style=\"text-align: center;\"><strong>Bek\u00fcld\u00e9si hat\u00e1rid\u0151:<br \/>\n2026. december 31.<\/strong><\/div>\n<div>A term\u00e9kszortiment v\u00e1ltoz\u00e1sa miatt a NATURLAND Magyarorsz\u00e1g Kft. a v\u00e1lasztott aj\u00e1nd\u00e9kot azonos \u00e9rt\u00e9k\u0171 \u00e9s min\u0151s\u00e9g\u0171 term\u00e9kre cser\u00e9lheti. Az akci\u00f3ban r\u00e9szt vehet minden Magyarorsz\u00e1gon \u00e1lland\u00f3 lakhellyel rendelkez\u0151 szem\u00e9ly, kiv\u00e9ve a NATURLAND Magyarorsz\u00e1g Kft. vezet\u0151 tiszts\u00e9gvisel\u0151i, alkalmazottai \u00e9s mindezek hozz\u00e1tartoz\u00f3i. Jogi \u00fat kiz\u00e1rva!<\/div>\n<div>\n<p>Kapcsol\u00f3d\u00f3 adatkezel\u00e9si t\u00e1j\u00e9koztat\u00f3nkat\u00a0<a href=\"http:\/\/www.naturland.hu\/hun\/docs\/adatkezelesi-tajekoztatok\/41.get\" target=\"_blank\" rel=\"noopener\">IDE\u00a0<\/a>kattinva olvashatja el.<\/p>\n<\/div>\n<\/div>\n<\/div><\/div><\/div><\/div><\/div>","protected":false},"excerpt":{"rendered":"<p>Gy\u0171jts \u00f6ssze a pontokkal ell\u00e1tott NATURLAND term\u00e9kek csomagol\u00e1s\u00e1n elhelyezett pontokb\u00f3l \u00f6sszesen 10 pontot, \u00e9s v\u00e1lassz egyet&#8230;<\/p>\n","protected":false},"author":140,"featured_media":0,"parent":0,"menu_order":0,"comment_status":"closed","ping_status":"closed","template":"","meta":{"inline_featured_image":false,"footnotes":""},"class_list":["post-1320","page","type-page","status-publish","hentry"],"_links":{"self":[{"href":"https:\/\/naturland.hu\/en\/wp-json\/wp\/v2\/pages\/1320","targetHints":{"allow":["GET"]}}],"collection":[{"href":"https:\/\/naturland.hu\/en\/wp-json\/wp\/v2\/pages"}],"about":[{"href":"https:\/\/naturland.hu\/en\/wp-json\/wp\/v2\/types\/page"}],"author":[{"embeddable":true,"href":"https:\/\/naturland.hu\/en\/wp-json\/wp\/v2\/users\/140"}],"replies":[{"embeddable":true,"href":"https:\/\/naturland.hu\/en\/wp-json\/wp\/v2\/comments?post=1320"}],"version-history":[{"count":0,"href":"https:\/\/naturland.hu\/en\/wp-json\/wp\/v2\/pages\/1320\/revisions"}],"wp:attachment":[{"href":"https:\/\/naturland.hu\/en\/wp-json\/wp\/v2\/media?parent=1320"}],"curies":[{"name":"wp","href":"https:\/\/api.w.org\/{rel}","templated":true}]}}