{"id":1310,"date":"2021-10-22T15:45:25","date_gmt":"2021-10-22T13:45:25","guid":{"rendered":"http:\/\/nldo.diff.hu\/?page_id=1310"},"modified":"2025-04-15T11:24:31","modified_gmt":"2025-04-15T09:24:31","slug":"minosegbiztositas-es-felelossegvallalas","status":"publish","type":"page","link":"https:\/\/naturland.hu\/en\/minosegbiztositas-es-felelossegvallalas\/","title":{"rendered":"Min\u0151s\u00e9gbiztos\u00edt\u00e1s \u00e9s felel\u0151ss\u00e9gv\u00e1llal\u00e1s"},"content":{"rendered":"<div id=\"pl-1310\"  class=\"panel-layout\" ><div id=\"pg-1310-0\"  class=\"panel-grid panel-no-style\" ><div id=\"pgc-1310-0-0\"  class=\"panel-grid-cell\" ><div id=\"panel-1310-0-0-0\" class=\"so-panel widget widget_sow-image panel-first-child\" data-index=\"0\" ><div\n\t\t\t\n\t\t\tclass=\"so-widget-sow-image so-widget-sow-image-default-dbf295114b96-1310\"\n\t\t\t\n\t\t>\n<div class=\"sow-image-container\">\n\t\t<img \n\tsrc=\"https:\/\/naturland.hu\/wp-content\/uploads\/2025\/04\/NaturlandGyar_008.jpg\" width=\"1920\" height=\"1280\" srcset=\"https:\/\/naturland.hu\/wp-content\/uploads\/2025\/04\/NaturlandGyar_008.jpg 1920w, https:\/\/naturland.hu\/wp-content\/uploads\/2025\/04\/NaturlandGyar_008-660x440.jpg 660w, https:\/\/naturland.hu\/wp-content\/uploads\/2025\/04\/NaturlandGyar_008-1024x683.jpg 1024w, https:\/\/naturland.hu\/wp-content\/uploads\/2025\/04\/NaturlandGyar_008-440x293.jpg 440w, https:\/\/naturland.hu\/wp-content\/uploads\/2025\/04\/NaturlandGyar_008-768x512.jpg 768w, https:\/\/naturland.hu\/wp-content\/uploads\/2025\/04\/NaturlandGyar_008-1536x1024.jpg 1536w, https:\/\/naturland.hu\/wp-content\/uploads\/2025\/04\/NaturlandGyar_008-600x400.jpg 600w\" sizes=\"(max-width: 1920px) 100vw, 1920px\" alt=\"\" \t\tclass=\"so-widget-image\"\/>\n\t<\/div>\n\n<\/div><\/div><div id=\"panel-1310-0-0-1\" class=\"so-panel widget widget_ndm-smalltitle\" data-index=\"1\" ><div\n\t\t\t\n\t\t\tclass=\"so-widget-ndm-smalltitle so-widget-ndm-smalltitle-default-d75171398898-1310\"\n\t\t\t\n\t\t><h4 class=\"ndm-small-title text-left theme_light_green mt-2 mb-2\">Min\u0151s\u00e9gbiztos\u00edt\u00e1s a ti szolg\u00e1latotokban<\/h4><\/div><\/div><div id=\"panel-1310-0-0-2\" class=\"so-panel widget widget_sow-editor\" data-index=\"2\" ><div\n\t\t\t\n\t\t\tclass=\"so-widget-sow-editor so-widget-sow-editor-base\"\n\t\t\t\n\t\t>\n<div class=\"siteorigin-widget-tinymce textwidget\">\n\t<p>Megfelelni a v\u00e1s\u00e1rl\u00f3ink \u00e9s a t\u00e1rsadalom elv\u00e1r\u00e1sainak, valamint a hazai s nemzetk\u00f6zi piac mindenkori ig\u00e9nyeinek. Ezek a Naturland Magyarorsz\u00e1g Kft. alapvet\u0151 c\u00e9ljai. Ezt szem el\u0151tt tartva m\u0171k\u00f6dtetj\u00fck min\u0151s\u00e9gbiztos\u00edt\u00e1si rendszer\u00fcnket, hogy az garant\u00e1lja vev\u0151ink egyszersmind dolgoz\u00f3ink megel\u00e9gedetts\u00e9g\u00e9t, min\u0151s\u00e9gpolitik\u00e1nk megval\u00f3s\u00edt\u00e1s\u00e1t \u00e9s t\u00e1rsas\u00e1gunk eredm\u00e9nyess\u00e9g\u00e9t.<\/p>\n<\/div>\n<\/div><\/div><div id=\"panel-1310-0-0-3\" class=\"so-panel widget widget_ndm-smalltitle\" data-index=\"3\" ><div\n\t\t\t\n\t\t\tclass=\"so-widget-ndm-smalltitle so-widget-ndm-smalltitle-default-d75171398898-1310\"\n\t\t\t\n\t\t><h4 class=\"ndm-small-title text-left theme_light_green mt-2 mb-2\">Min\u0151s\u00e9gbiztos\u00edt\u00e1sunk a gyakorlatban<\/h4><\/div><\/div><div id=\"panel-1310-0-0-4\" class=\"so-panel widget widget_ndm-list\" data-index=\"4\" ><div\n\t\t\t\n\t\t\tclass=\"so-widget-ndm-list so-widget-ndm-list-default-d75171398898-1310\"\n\t\t\t\n\t\t><ul class=\"ndm-list\">        <li\n                ><p class=\"mb-0\">C\u00e9lunk, hogy magas tudom\u00e1nyos-technikai sz\u00ednvonalon, korszer\u0171 term\u00e9keket \u00e1ll\u00edtsunk el\u0151. Ezt szolg\u00e1lja a min\u0151s\u00e9gbiztos\u00edt\u00e1si rendszer m\u0171k\u00f6dtet\u00e9se \u00e9s a term\u00e9kek fejleszt\u00e9se is.<\/p><\/li>\n            <li\n                ><p class=\"mb-0\">K\u00e9sz\u00edtm\u00e9nyeink kiv\u00e1l\u00f3 \u00e9s el\u0151\u00edr\u00e1soknak megfelel\u0151 min\u0151s\u00e9g\u00e9t a besz\u00e1ll\u00edt\u00f3k gondos kiv\u00e1laszt\u00e1s\u00e1val garant\u00e1ljuk.<\/p><\/li>\n            <li\n                ><p class=\"mb-0\">A higi\u00e9nia mind a term\u00e9kek el\u0151\u00e1ll\u00edt\u00e1sa, mind a rakt\u00e1roz\u00e1si folyamatok sor\u00e1n kiemelt jelent\u0151s\u00e9g\u0171.  Szakembereink a higi\u00e9niai k\u00f6vetelm\u00e9nyek teljes\u00fcl\u00e9s\u00e9re maxim\u00e1lisan odafigyelnek. K\u00fcl\u00f6n\u00f6s tekintettel a szem\u00e9lyi higi\u00e9ni\u00e1ra, a helyis\u00e9gek \u00e9s a berendez\u00e9sek tisztas\u00e1g\u00e1ra. <\/p><\/li>\n            <li\n                ><p class=\"mb-0\">Munkav\u00e1llal\u00f3inkt\u00f3l min\u0151s\u00e9gk\u00f6zpont\u00fa szeml\u00e9letm\u00f3dot \u00e9s kiv\u00e1l\u00f3 sz\u00ednvonal\u00fa munkav\u00e9gz\u00e9st v\u00e1runk el. Ennek \u00e9rdek\u00e9ben rendszeres oktat\u00e1sokat, k\u00e9pz\u00e9seket szervez\u00fcnk nekik.<\/p><\/li>\n            <li\n                ><p class=\"mb-0\">Vev\u0151inknek minden t\u00e9ren gyors \u00e9s rugalmas szolg\u00e1ltat\u00e1st k\u00edv\u00e1nunk ny\u00fajtani, ez\u00e9rt folyamatosan n\u00f6velj\u00fck a bels\u0151 folyamatok \u00e9s a kommunik\u00e1ci\u00f3 hat\u00e9konys\u00e1g\u00e1t.<\/p><\/li>\n            <li\n                ><p class=\"mb-0\">A piaci ig\u00e9nyek \u00e9s tendenci\u00e1k v\u00e1ltoz\u00e1s\u00e1t folyamatosan figyelemmel k\u00eds\u00e9rj\u00fck, hogy azokra hat\u00e9konyan, rugalmasan \u00e9s megfelel\u0151 id\u0151ben tudjunk reag\u00e1lni.<\/p><\/li>\n            <li\n                ><p class=\"mb-0\"> T\u00e1rsas\u00e1gunk a magas szint\u0171 term\u00e9kmin\u0151s\u00e9g mellett k\u00f6telezte el mag\u00e1t, ez\u00e9rt mindezeket szem el\u0151tt tartva v\u00e9gzi tev\u00e9kenys\u00e9g\u00e9t. Egyszersmind szem el\u0151tt tartja a fogyaszt\u00f3k \u00e9s munkav\u00e1llal\u00f3k eg\u00e9szs\u00e9g\u00e9t, biztons\u00e1g\u00e1t \u00e9s a k\u00f6rnyezet v\u00e9delm\u00e9t. <\/p><\/li>\n    <\/ul><\/div><\/div><div id=\"panel-1310-0-0-5\" class=\"so-panel widget widget_sow-image\" data-index=\"5\" ><div\n\t\t\t\n\t\t\tclass=\"so-widget-sow-image so-widget-sow-image-default-dbf295114b96-1310\"\n\t\t\t\n\t\t>\n<div class=\"sow-image-container\">\n\t\t<img \n\tsrc=\"https:\/\/naturland.hu\/wp-content\/uploads\/2021\/10\/NaturlandGyar_055.jpg\" width=\"720\" height=\"1080\" srcset=\"https:\/\/naturland.hu\/wp-content\/uploads\/2021\/10\/NaturlandGyar_055.jpg 720w, https:\/\/naturland.hu\/wp-content\/uploads\/2021\/10\/NaturlandGyar_055-440x660.jpg 440w, https:\/\/naturland.hu\/wp-content\/uploads\/2021\/10\/NaturlandGyar_055-683x1024.jpg 683w, https:\/\/naturland.hu\/wp-content\/uploads\/2021\/10\/NaturlandGyar_055-293x440.jpg 293w, https:\/\/naturland.hu\/wp-content\/uploads\/2021\/10\/NaturlandGyar_055-512x768.jpg 512w, https:\/\/naturland.hu\/wp-content\/uploads\/2021\/10\/NaturlandGyar_055-13x20.jpg 13w, https:\/\/naturland.hu\/wp-content\/uploads\/2021\/10\/NaturlandGyar_055-600x900.jpg 600w\" sizes=\"(max-width: 720px) 100vw, 720px\" alt=\"\" \t\tclass=\"so-widget-image\"\/>\n\t<\/div>\n\n<\/div><\/div><div id=\"panel-1310-0-0-6\" class=\"so-panel widget widget_ndm-smalltitle\" data-index=\"6\" ><div\n\t\t\t\n\t\t\tclass=\"so-widget-ndm-smalltitle so-widget-ndm-smalltitle-default-d75171398898-1310\"\n\t\t\t\n\t\t><h4 class=\"ndm-small-title text-left text-left mt-2 mb-2\">Felel\u0151sen a t\u00e1rsadalom\u00e9rt, k\u00f6rnyezet\u00fcnk\u00e9rt, ez \u00edgy term\u00e9szetes<\/h4><\/div><\/div><div id=\"panel-1310-0-0-7\" class=\"so-panel widget widget_sow-editor\" data-index=\"7\" ><div\n\t\t\t\n\t\t\tclass=\"so-widget-sow-editor so-widget-sow-editor-base\"\n\t\t\t\n\t\t>\n<div class=\"siteorigin-widget-tinymce textwidget\">\n\t<p>A Naturland minden termel\u00e9si d\u00f6nt\u00e9se eset\u00e9n tudatosan figyel\u00fcnk k\u00f6rnyezet\u00fcnk, a kl\u00edma v\u00e9delm\u00e9re. Ha \u00faj eszk\u00f6z\u00f6ket szerz\u00fcnk be, igyeksz\u00fcnk olyan korszer\u0171 technol\u00f3gi\u00e1kat v\u00e1lasztani, amelyek alkalmaz\u00e1s\u00e1val k\u00f6zvetve, vagy k\u00f6zvetlen\u00fcl is \u00f3vjuk k\u00f6rnyezet\u00fcnket. Cs\u00f6kkentett\u00fck a k\u00f6rnyezetre k\u00e1ros vegyszerek, szerves old\u00f3szerek felhaszn\u00e1l\u00e1s\u00e1t, \u00e9s a megsemmis\u00edtend\u0151 vesz\u00e9lyes hullad\u00e9k mennyis\u00e9g\u00e9t a korszer\u0171bb analitikai eszk\u00f6z\u00f6knek k\u00f6sz\u00f6nhet\u0151en. \u00c9rt\u00e9kes\u00edt\u00e9si \u00e9s rakt\u00e1rkezel\u00e9si rendszer\u00fcnk r\u00e9v\u00e9n egyre kevesebb pap\u00edr alap\u00fa bizonylat k\u00e9sz\u00fcl. K\u00e9sz\u00e1ru rakt\u00e1runkban olyan vonalk\u00f3dos azonos\u00edt\u00e1st alkalmazunk, amely hat\u00e9konyabb, gyorsabb \u00e9s k\u00f6rnyezetk\u00edm\u00e9l\u0151bb m\u0171k\u00f6d\u00e9st biztos\u00edt.<\/p>\n<p>Sz\u00f3r\u00f3lapjaink \u00e9s rekl\u00e1mt\u00e1sk\u00e1ink k\u00e9sz\u00edt\u00e9sekor el\u0151nyben r\u00e9szes\u00edtj\u00fck a k\u00f6rnyezetk\u00edm\u00e9l\u0151 anyagok alkalmaz\u00e1s\u00e1t. Teafiltereinkn\u00e9l pedig nem haszn\u00e1lunk f\u00e9m r\u00f6gz\u00edt\u0151kapcsokat. Csomagol\u00e1saink kiv\u00e1laszt\u00e1s\u00e1n\u00e1l is a k\u00f6rnyezettudatos megold\u00e1sokra t\u00f6reksz\u00fcnk. Ez azt is jelenti, hogy a fogyaszt\u00f3i ig\u00e9nyek figyelembev\u00e9tel\u00e9vel hat\u00e1rozzuk meg a kiszerel\u00e9seket. \u00cdgy a felesleges term\u00e9kv\u00e1s\u00e1rl\u00e1sb\u00f3l ad\u00f3d\u00f3 csomagol\u00f3anyagokkal nem terhelj\u00fck a k\u00f6rnyezetet.<\/p>\n<\/div>\n<\/div><\/div><div id=\"panel-1310-0-0-8\" class=\"so-panel widget widget_sow-editor\" data-index=\"8\" ><div\n\t\t\t\n\t\t\tclass=\"so-widget-sow-editor so-widget-sow-editor-base\"\n\t\t\t\n\t\t>\n<div class=\"siteorigin-widget-tinymce textwidget\">\n\t<p>Term\u00e9keink csomagol\u00e1s\u00e1t folyamatosan \u00faj\u00edtjuk, hogy az eszt\u00e9tikumon \u00e9s a praktikumon t\u00fal min\u00e9l t\u00f6bb hasznos inform\u00e1ci\u00f3val l\u00e1thassuk el v\u00e1s\u00e1rl\u00f3inkat m\u00e1r a dobozokon is.<\/p>\n<\/div>\n<\/div><\/div><div id=\"panel-1310-0-0-9\" class=\"so-panel widget widget_sow-image\" data-index=\"9\" ><div\n\t\t\t\n\t\t\tclass=\"so-widget-sow-image so-widget-sow-image-default-dbf295114b96-1310\"\n\t\t\t\n\t\t>\n<div class=\"sow-image-container\">\n\t\t<img \n\tsrc=\"https:\/\/naturland.hu\/wp-content\/uploads\/2025\/04\/NaturlandGyar_041-1.jpg\" width=\"1920\" height=\"1280\" srcset=\"https:\/\/naturland.hu\/wp-content\/uploads\/2025\/04\/NaturlandGyar_041-1.jpg 1920w, https:\/\/naturland.hu\/wp-content\/uploads\/2025\/04\/NaturlandGyar_041-1-660x440.jpg 660w, https:\/\/naturland.hu\/wp-content\/uploads\/2025\/04\/NaturlandGyar_041-1-1024x683.jpg 1024w, https:\/\/naturland.hu\/wp-content\/uploads\/2025\/04\/NaturlandGyar_041-1-440x293.jpg 440w, https:\/\/naturland.hu\/wp-content\/uploads\/2025\/04\/NaturlandGyar_041-1-768x512.jpg 768w, https:\/\/naturland.hu\/wp-content\/uploads\/2025\/04\/NaturlandGyar_041-1-1536x1024.jpg 1536w, https:\/\/naturland.hu\/wp-content\/uploads\/2025\/04\/NaturlandGyar_041-1-600x400.jpg 600w\" sizes=\"(max-width: 1920px) 100vw, 1920px\" title=\"NaturlandGyar_041\" alt=\"\" \t\tclass=\"so-widget-image\"\/>\n\t<\/div>\n\n<\/div><\/div><div id=\"panel-1310-0-0-10\" class=\"so-panel widget widget_sow-editor\" data-index=\"10\" ><div\n\t\t\t\n\t\t\tclass=\"so-widget-sow-editor so-widget-sow-editor-base\"\n\t\t\t\n\t\t>\n<div class=\"siteorigin-widget-tinymce textwidget\">\n\t<p>A Magyarorsz\u00e1gi Gy\u00f3gyszergy\u00e1rt\u00f3k Orsz\u00e1gos Sz\u00f6vets\u00e9g\u00e9nek tagv\u00e1llalatak\u00e9nt csatlakoztunk azon gy\u00f3gyszeripari c\u00e9gekhez, amelyek magukra n\u00e9zve k\u00f6telez\u0151nek fogadj\u00e1k el a Generikus Transzparencia K\u00f3dex rendelkez\u00e9seit. Ez egy olyan \u00f6nszab\u00e1lyoz\u00f3 kezdem\u00e9nyez\u00e9s, amely \u00e1tl\u00e1that\u00f3v\u00e1 teszi a gy\u00f3gyszergy\u00e1rt\u00f3k \u00e9s az eg\u00e9szs\u00e9g\u00fcgyi szerepl\u0151k k\u00f6z\u00f6tti kapcsolatot, ez\u00e1ltal n\u00f6velve a p\u00e1ciensek bizalm\u00e1t. A K\u00f3dex el\u0151\u00edr\u00e1saival \u00f6sszhangban 2020-t\u00f3l kezdve a Naturland minden \u00e9vben k\u00f6zz\u00e9teszi a honlapon a szab\u00e1lyoz\u00e1s hat\u00e1lya al\u00e1 tartoz\u00f3 juttat\u00e1sokat.<\/p>\n<p>A Naturlandn\u00e1l valljuk, hogy a magyar gy\u00f3gyn\u00f6v\u00e9nyek el\u00e9v\u00fclhetetlen \u00e9rt\u00e9keink, \u00e9vsz\u00e1zados hagyom\u00e1nyunk r\u00e9szei. \u00c9ppen ez\u00e9rt az eg\u00e9szs\u00e9gtudatos \u00e9letm\u00f3dra t\u00f6rekv\u00e9sben felel\u0151sen felhaszn\u00e1ljuk \u0151ket, \u00e9s mindent megtesz\u00fcnk az\u00e9rt, hogy ezt a kincset meg\u0151rizz\u00fck \u00e9s tov\u00e1bbadjuk.<\/p>\n<p>Hisz\u00fcnk abban is, hogy mindenkinek joga van az eg\u00e9szs\u00e9ghez \u00e9s az eg\u00e9szs\u00e9ges \u00e9letm\u00f3dhoz. Ez\u00e9rt az el\u00e9rhet\u0151 legjobb \u00e1r-\u00e9rt\u00e9k ar\u00e1ny biztos\u00edt\u00e1s\u00e1val t\u00f6reksz\u00fcnk arra, hogy k\u00e9sz\u00edtm\u00e9nyeink mindenki sz\u00e1m\u00e1ra hozz\u00e1f\u00e9rhet\u0151ek legyenek.<\/p>\n<p>&nbsp;<\/p>\n<\/div>\n<\/div><\/div><div id=\"panel-1310-0-0-11\" class=\"so-panel widget widget_ndm-kapcsolodo-anyagok panel-last-child\" data-index=\"11\" ><div\n\t\t\t\n\t\t\tclass=\"so-widget-ndm-kapcsolodo-anyagok so-widget-ndm-kapcsolodo-anyagok-default-d75171398898-1310\"\n\t\t\t\n\t\t>\t\t\t\t<div class=\"ndm-ka__row p-2 mb-1\">\n\t\t\t\t\t<div class=\"row align-items-center\">\n\t\t\t\t\t\t<div class=\"ndm-ka__title col-md-8\">\n\t\t\t\t\t\t\t<p class=\"mb-2 mb-lg-0\">\n\t\t\t\t\t\t\t\tMin\u0151s\u00e9gbiztos\u00edt\u00e1si meg\u00e1llapod\u00e1s\t\t\t\t\t\t\t<\/p>\n\t\t\t\t\t\t<\/div>\n\t\t\t\t\t\t<div class=\"ndm-ka__download col-md-4 text-left text-lg-right mb-0\">\n\t\t\t\t\t\t\t<a href=\"\/wp-content\/uploads\/2021\/10\/Minosegbiztositasi-megallapodas.pdf\" class=\"btn btn-primary\" target=\"_blank\" rel=\"noopener\">\n\t\t\t\t\t\t\t\tLet\u00f6lt\u00e9s\t\t\t\t\t\t\t<\/a>\n\t\t\t\t\t\t<\/div>\n\t\t\t\t\t<\/div>\n\t\t\t\t<\/div>\n\t\t\t\t\t\t\t<div class=\"ndm-ka__row p-2 mb-1\">\n\t\t\t\t\t<div class=\"row align-items-center\">\n\t\t\t\t\t\t<div class=\"ndm-ka__title col-md-8\">\n\t\t\t\t\t\t\t<p class=\"mb-2 mb-lg-0\">\n\t\t\t\t\t\t\t\tReklam\u00e1ci\u00f3s vissz\u00e1ru lap 20190901 (2)\t\t\t\t\t\t\t<\/p>\n\t\t\t\t\t\t<\/div>\n\t\t\t\t\t\t<div class=\"ndm-ka__download col-md-4 text-left text-lg-right mb-0\">\n\t\t\t\t\t\t\t<a href=\"\/wp-content\/uploads\/2021\/10\/NL_Reklamacios_visszaru_lap_20190901-2.pdf\" class=\"btn btn-primary\" target=\"_blank\" rel=\"noopener\">\n\t\t\t\t\t\t\t\tLet\u00f6lt\u00e9s\t\t\t\t\t\t\t<\/a>\n\t\t\t\t\t\t<\/div>\n\t\t\t\t\t<\/div>\n\t\t\t\t<\/div>\n\t\t\t<\/div><\/div><\/div><\/div><\/div>","protected":false},"excerpt":{"rendered":"<p>Megfelelni a v\u00e1s\u00e1rl\u00f3ink \u00e9s a t\u00e1rsadalom elv\u00e1r\u00e1sainak, valamint a hazai s nemzetk\u00f6zi piac mindenkori ig\u00e9nyeinek. Ezek&#8230;<\/p>\n","protected":false},"author":140,"featured_media":1260,"parent":0,"menu_order":0,"comment_status":"closed","ping_status":"closed","template":"","meta":{"inline_featured_image":false,"footnotes":""},"class_list":["post-1310","page","type-page","status-publish","has-post-thumbnail","hentry"],"_links":{"self":[{"href":"https:\/\/naturland.hu\/en\/wp-json\/wp\/v2\/pages\/1310","targetHints":{"allow":["GET"]}}],"collection":[{"href":"https:\/\/naturland.hu\/en\/wp-json\/wp\/v2\/pages"}],"about":[{"href":"https:\/\/naturland.hu\/en\/wp-json\/wp\/v2\/types\/page"}],"author":[{"embeddable":true,"href":"https:\/\/naturland.hu\/en\/wp-json\/wp\/v2\/users\/140"}],"replies":[{"embeddable":true,"href":"https:\/\/naturland.hu\/en\/wp-json\/wp\/v2\/comments?post=1310"}],"version-history":[{"count":0,"href":"https:\/\/naturland.hu\/en\/wp-json\/wp\/v2\/pages\/1310\/revisions"}],"wp:featuredmedia":[{"embeddable":true,"href":"https:\/\/naturland.hu\/en\/wp-json\/wp\/v2\/media\/1260"}],"wp:attachment":[{"href":"https:\/\/naturland.hu\/en\/wp-json\/wp\/v2\/media?parent=1310"}],"curies":[{"name":"wp","href":"https:\/\/api.w.org\/{rel}","templated":true}]}}