{"id":10628,"date":"2023-11-23T16:26:35","date_gmt":"2023-11-23T15:26:35","guid":{"rendered":"https:\/\/naturland.hu\/?page_id=10628"},"modified":"2023-11-28T15:15:14","modified_gmt":"2023-11-28T14:15:14","slug":"minden-ami-svedcsepp","status":"publish","type":"page","link":"https:\/\/naturland.hu\/en\/minden-ami-svedcsepp\/","title":{"rendered":"Minden, ami sv\u00e9dcsepp"},"content":{"rendered":"<div id=\"pl-10628\"  class=\"panel-layout\" ><div id=\"pg-10628-0\"  class=\"panel-grid panel-no-style\" ><div id=\"pgc-10628-0-0\"  class=\"panel-grid-cell\" ><div id=\"panel-10628-0-0-0\" class=\"so-panel widget widget_sow-editor panel-first-child\" data-index=\"0\" ><div\n\t\t\t\n\t\t\tclass=\"so-widget-sow-editor so-widget-sow-editor-base\"\n\t\t\t\n\t\t>\n<div class=\"siteorigin-widget-tinymce textwidget\">\n\t<p><strong>A Naturland legr\u00e9gibb \u00e9s m\u00e1ig t\u00f6retlen\u00fcl n\u00e9pszer\u0171 term\u00e9ke a sv\u00e9dkeser\u0171n alapul\u00f3 Sv\u00e9dcsepp. De mi a titka? Mi a legend\u00e1ja? Milyen term\u00e9kekben haszn\u00e1ljuk? Mi\u00e9rt \u00e9pp azokban? Sz\u00e1mtalan izgalmas k\u00e9rd\u00e9s. Nos, kutassunk, olvassunk ut\u00e1nuk \u2013 meg\u00e9ri!<\/strong><\/p>\n<\/div>\n<\/div><\/div><div id=\"panel-10628-0-0-1\" class=\"so-panel widget widget_media_image\" data-index=\"1\" ><div class=\"ndm-post__content panel-widget-style panel-widget-style-for-10628-0-0-1\" ><a href=\"https:\/\/naturland.hu\/termekkategoria\/svedcsepp-svedkeseru\/\"><img loading=\"lazy\" decoding=\"async\" width=\"1200\" height=\"800\" src=\"https:\/\/naturland.hu\/wp-content\/uploads\/2023\/11\/svedcsepp-02-1536x1024.jpg\" class=\"image wp-image-10634  attachment-1200x800 size-1200x800\" alt=\"\" style=\"max-width: 100%; height: auto;\" srcset=\"https:\/\/naturland.hu\/wp-content\/uploads\/2023\/11\/svedcsepp-02-1536x1024.jpg 1536w, https:\/\/naturland.hu\/wp-content\/uploads\/2023\/11\/svedcsepp-02-660x440.jpg 660w, https:\/\/naturland.hu\/wp-content\/uploads\/2023\/11\/svedcsepp-02-1024x683.jpg 1024w, https:\/\/naturland.hu\/wp-content\/uploads\/2023\/11\/svedcsepp-02-440x293.jpg 440w, https:\/\/naturland.hu\/wp-content\/uploads\/2023\/11\/svedcsepp-02-768x512.jpg 768w, https:\/\/naturland.hu\/wp-content\/uploads\/2023\/11\/svedcsepp-02-600x400.jpg 600w, https:\/\/naturland.hu\/wp-content\/uploads\/2023\/11\/svedcsepp-02.jpg 1680w\" sizes=\"auto, (max-width: 1200px) 100vw, 1200px\" \/><\/a><\/div><\/div><div id=\"panel-10628-0-0-2\" class=\"so-panel widget widget_sow-editor panel-last-child\" data-index=\"2\" ><div\n\t\t\t\n\t\t\tclass=\"so-widget-sow-editor so-widget-sow-editor-base\"\n\t\t\t\n\t\t>\n<div class=\"siteorigin-widget-tinymce textwidget\">\n\t<p>T\u00f6bb mint \u00f6tsz\u00e1z \u00e9ve, hogy ezt a k\u00fcl\u00f6nleges f\u0171szern\u00f6v\u00e9ny tinkt\u00far\u00e1t egy sv\u00e1jci orvos, bizonyos Paracelsus megalkotta. A doktor a korabeli gy\u00f3gy\u00edt\u00f3khoz \u00e9s s\u00e1m\u00e1nokhoz hasonl\u00f3an hitt a term\u00e9szet gy\u00f3gy\u00edt\u00f3 erej\u00e9ben. A porokat, ken\u0151cs\u00f6ket, tinkt\u00far\u00e1kat saj\u00e1t maga keverte ki. A sv\u00e9dkeser\u0171 els\u0151, kezdetleges form\u00e1j\u00e1t tizenegy gy\u00f3gyn\u00f6v\u00e9ny kivonat\u00e1b\u00f3l k\u00e9sz\u00edtette el. B\u00e1r Paracelsus kimondottan gyomorprobl\u00e9m\u00e1kra \u00e9s \u00e1ltal\u00e1nos testi er\u0151s\u00edt\u00e9sre alkotta meg a 16. sz\u00e1zadban ezt az elegyet, k\u00e9s\u0151bb sz\u00e1mos legenda keletkezett sz\u00e9lesk\u00f6r\u0171bb alkalmazhat\u00f3s\u00e1g\u00e1r\u00f3l. Sajnos k\u00e9sz\u00edtm\u00e9nye amilyen hamar n\u00e9pszer\u0171 lett, olyan gyorsan feled\u00e9sbe is mer\u00fclt megalkot\u00f3j\u00e1nak hal\u00e1la ut\u00e1n.<\/p>\n<p>A titok felold\u00e1s\u00e1ra t\u00f6bb mint 200 \u00e9vet kellett v\u00e1rni. Egy sv\u00e9d orvos fejlesztette tov\u00e1bb a keser\u0171t, ez\u00e9rt felt\u00e9telezz\u00fck, hogy \u00fajrafelfedez\u0151j\u00e9nek sz\u00e1rmaz\u00e1sa miatt kapta meg az elix\u00edr a sv\u00e9dcsepp elnevez\u00e9st. Doktorunk, Claus Samst saj\u00e1t mag\u00e1n is kipr\u00f3b\u00e1lta \u00e9s alkalmazta csod\u00e1s folyad\u00e9k\u00e1nak hat\u00e1s\u00e1t. K\u00e9zirat\u00e1ban \u00f6sszesen 46 pontban szedte \u00f6ssze, milyen b\u00e1ntalmakra hat\u00e1sos egy cseppnyi csepp. Csod\u00e1l\u00f3i r\u00e9szben a keser\u0171 ital rendszeres fogyaszt\u00e1s\u00e1nak tudj\u00e1k be, hogy k\u00fcl\u00f6n\u00f6sen a kort\u00e1rsaihoz viszony\u00edtva a sv\u00e9d csodadoki milyen fantasztikus kort \u00e9rt meg. Teljes\u00edtm\u00e9ny\u00e9t ma is megs\u00fcvegelj\u00fck, hiszen 104 \u00e9ves kor\u00e1ban hunyt el. \u00c1m e matuzs\u00e1lemi kort mindenf\u00e9le betegs\u00e9g n\u00e9lk\u00fcl \u00e9rte \u00e9s \u00e9s nem az \u00f6regs\u00e9ge, hanem egy lovas baleset k\u00f6vetkezt\u00e9ben halt meg.<\/p>\n<p>A k\u00e9sz\u00edtm\u00e9ny vir\u00e1gkora \u00e9s diadalmenete azt\u00e1n a 20.sz\u00e1zadban kezd\u0151d\u00f6tt \u00e9s m\u00e1ig tart. A vil\u00e1gszerte ismert gy\u00f3gyn\u00f6v\u00e9nykutat\u00f3, Maria Treben k\u00e9sz\u00edtette el a sv\u00e9dkeser\u0171 alkoholmentes v\u00e1ltozat\u00e1t, \u00edgy v\u00e1lt lehet\u0151v\u00e9 m\u00e9g sz\u00e9lesebb k\u00f6r\u0171 alkalmaz\u00e1sa.<\/p>\n<p>Persze vannak olyanok, akik m\u00e9g nem tal\u00e1lkoztak a sv\u00e9dcsepp \u00e1ld\u00e1sos hat\u00e1saival, mint p\u00e9ld\u00e1ul Rebi boszi.<\/p>\n<\/div>\n<\/div><\/div><\/div><\/div><div id=\"pg-10628-1\"  class=\"panel-grid panel-no-style\" ><div id=\"pgc-10628-1-0\"  class=\"panel-grid-cell\" ><div id=\"panel-10628-1-0-0\" class=\"so-panel widget widget_media_video panel-first-child panel-last-child\" data-index=\"3\" ><h3 class=\"widget-title\">MINDEN, AMI SV\u00c9DCSEPP!<\/h3><div style=\"width:100%;\" class=\"wp-video\"><video class=\"wp-video-shortcode\" id=\"video-10628-1\" preload=\"metadata\" controls=\"controls\"><source type=\"video\/youtube\" src=\"https:\/\/www.youtube.com\/watch?v=Ac-QIABk-a0&#038;_=1\" \/><a href=\"https:\/\/www.youtube.com\/watch?v=Ac-QIABk-a0\" target=\"_blank\" rel=\"noopener\">https:\/\/www.youtube.com\/watch?v=Ac-QIABk-a0<\/a><\/video><\/div><\/div><\/div><\/div><div id=\"pg-10628-2\"  class=\"panel-grid panel-no-style\" ><div id=\"pgc-10628-2-0\"  class=\"panel-grid-cell\" ><div id=\"panel-10628-2-0-0\" class=\"so-panel widget widget_sow-editor panel-first-child\" data-index=\"4\" ><div\n\t\t\t\n\t\t\tclass=\"so-widget-sow-editor so-widget-sow-editor-base\"\n\t\t\t\n\t\t><h3 class=\"widget-title\">A SV\u00c9DCSEPP TITKAI<\/h3>\n<div class=\"siteorigin-widget-tinymce textwidget\">\n\t<p>A titok, a miszt\u00e9rium az \u00f6sszetev\u0151k egys\u00e9g\u00e9ben rejlik. Hi\u00e1ba fogyasztan\u00e1nk el ugyanis a sv\u00e9dkeser\u0171ben megtal\u00e1lhat\u00f3 gy\u00f3gyn\u00f6v\u00e9nyeket k\u00fcl\u00f6n-k\u00fcl\u00f6n, a hat\u00e1suk messze nem lenne ugyanaz. Egyedi hat\u00e1sa sok apr\u00f3s\u00e1gb\u00f3l ad\u00f3dik \u00f6ssze. M\u00e9g az is sz\u00e1m\u00edt, hogy kis vagy nagy sv\u00e9dkeser\u0171t fogyasztunk. Ami nem ezt jelenti, hogy az egyik egydecis m\u00edg a m\u00e1sik egyliteres \u00fcvegben kaphat\u00f3, hanem a benn\u00fck l\u00e9v\u0151 gy\u00f3gyn\u00f6v\u00e9nyek az \u00f6sszet\u00e9tel\u00fckben \u00e9s az ar\u00e1nyaikban t\u00e9rnek el egym\u00e1st\u00f3l.<\/p>\n<p>A Sv\u00e9dcsepp teh\u00e1t egy olyan legend\u00e1s\u00a0 k\u00e9sz\u00edtm\u00e9ny, amelynek\u00a0gy\u00f3gyhat\u00e1sait nemcsak a n\u00e9pgy\u00f3gy\u00e1szati megfigyel\u00e9sek, hanem tudom\u00e1nyos kutat\u00e1sok is al\u00e1t\u00e1masztj\u00e1k. A Naturland a t\u00f6bb mint 500 \u00e9ves hagyom\u00e1nyt a modern tudom\u00e1nnyal \u00f6tv\u00f6zve \u00e1ll\u00edtja el\u0151 saj\u00e1t sv\u00e9dcseppj\u00e9t. A 30 \u00e9ve megkezdett gy\u00e1rt\u00e1s \u00f3ta tucatnyi verzi\u00f3ban k\u00e9sz\u00fclt \u00e9s sz\u00e1mos m\u00e1s term\u00e9kben is k\u00e9pes csod\u00e1latos erej\u00e9t kimutatni ez a gy\u00f3gyn\u00f6v\u00e9nyes mix. P\u00e9ld\u00e1ul C-vitaminnal kieg\u00e9sz\u00edtve is gy\u00e1rtjuk oldat\u00e1t, koncentr\u00e1lt hat\u00f3anyag\u00e1t kr\u00e9mekbe, hajsamponba, fogkr\u00e9mbe \u00e9s hajbalzsamba is alkalmazzuk.<\/p>\n<\/div>\n<\/div><\/div><div id=\"panel-10628-2-0-1\" class=\"so-panel widget widget_media_image panel-last-child\" data-index=\"5\" ><div class=\"ndm-post__content panel-widget-style panel-widget-style-for-10628-2-0-1\" ><a href=\"https:\/\/naturland.hu\/termekkategoria\/svedcsepp-svedkeseru\/\"><img loading=\"lazy\" decoding=\"async\" width=\"1680\" height=\"1120\" src=\"https:\/\/naturland.hu\/wp-content\/uploads\/2023\/11\/svedcsepp-02.jpg\" class=\"image wp-image-10634  attachment-full size-full\" alt=\"\" style=\"max-width: 100%; height: auto;\" srcset=\"https:\/\/naturland.hu\/wp-content\/uploads\/2023\/11\/svedcsepp-02.jpg 1680w, https:\/\/naturland.hu\/wp-content\/uploads\/2023\/11\/svedcsepp-02-660x440.jpg 660w, https:\/\/naturland.hu\/wp-content\/uploads\/2023\/11\/svedcsepp-02-1024x683.jpg 1024w, https:\/\/naturland.hu\/wp-content\/uploads\/2023\/11\/svedcsepp-02-440x293.jpg 440w, https:\/\/naturland.hu\/wp-content\/uploads\/2023\/11\/svedcsepp-02-768x512.jpg 768w, https:\/\/naturland.hu\/wp-content\/uploads\/2023\/11\/svedcsepp-02-1536x1024.jpg 1536w, https:\/\/naturland.hu\/wp-content\/uploads\/2023\/11\/svedcsepp-02-600x400.jpg 600w\" sizes=\"auto, (max-width: 1680px) 100vw, 1680px\" \/><\/a><\/div><\/div><\/div><\/div><div id=\"pg-10628-3\"  class=\"panel-grid panel-no-style\" ><div id=\"pgc-10628-3-0\"  class=\"panel-grid-cell\" ><div id=\"panel-10628-3-0-0\" class=\"so-panel widget widget_ndm-btn panel-first-child panel-last-child\" data-index=\"6\" ><div\n\t\t\t\n\t\t\tclass=\"so-widget-ndm-btn so-widget-ndm-btn-default-d75171398898-10628\"\n\t\t\t\n\t\t><a href=\"https:\/\/naturland.hu\/webshop\/\" class=\"btn btn-primary\" target=\"_blank\" rel=\"noopener\"><span>KLIKK A KEDVEZM\u00c9NYEK\u00c9RT!<\/span><\/a><\/div><\/div><\/div><\/div><div id=\"pg-10628-4\"  class=\"panel-grid panel-no-style\" ><div id=\"pgc-10628-4-0\"  class=\"panel-grid-cell\" ><div id=\"panel-10628-4-0-0\" class=\"so-panel widget widget_sow-editor panel-first-child panel-last-child\" data-index=\"7\" ><div\n\t\t\t\n\t\t\tclass=\"so-widget-sow-editor so-widget-sow-editor-base\"\n\t\t\t\n\t\t><h3 class=\"widget-title\">A SV\u00c9DCSEPP HAT\u00c1SAI<\/h3>\n<div class=\"siteorigin-widget-tinymce textwidget\">\n\t<p>A n\u00e9pgy\u00f3gy\u00e1szati tapasztalatok \u00fagy tartj\u00e1k, hogy a sv\u00e9dcseppet fogyaszt\u00e1sa enyh\u00edtheti a \u00a0stresszt, a leverts\u00e9get \u00e9s a kedvetlens\u00e9get. \u00a0Migr\u00e9nre is el\u0151szeretettel javasolt\u00e1k borogat\u00e1sk\u00e9nt. Ny\u00edlt sebek gy\u00f3gy\u00edt\u00e1s\u00e1ra, rovarcs\u00edp\u00e9sre, gennyes b\u0151rki\u00fct\u00e9sekre, b\u00e1r\u00e1nyhiml\u0151s h\u00f3lyagok sz\u00e1r\u00edt\u00e1s\u00e1ra kent\u00e9k, mint lemos\u00f3 folyad\u00e9kot. A feltal\u00e1l\u00e1skori rendeltet\u00e9s\u00e9nek megfelel\u0151en a sv\u00e9dcseppet ma is haszn\u00e1lhatjuk egyes hasi panaszokra.<\/p>\n<p>A sv\u00e9dkeser\u0171ben \u00e1ltal\u00e1nosan megtal\u00e1lhat\u00f3 n\u00e9h\u00e1ny gy\u00f3gyn\u00f6v\u00e9ny \u00e9s lehets\u00e9ges eg\u00e9szs\u00e9g\u00fcgyi hat\u00e1sai. Aloe, amely hagyom\u00e1nyosan em\u00e9szt\u00e9si probl\u00e9m\u00e1kra haszn\u00e1land\u00f3. A mirha antimikrobi\u00e1lis tulajdons\u00e1gokkal rendelkezik, \u00e9s r\u00e9g\u00f3ta a sz\u00e1j eg\u00e9szs\u00e9g\u00e9nek meg\u00f3v\u00e1s\u00e1ra haszn\u00e1lj\u00e1k. A s\u00e1fr\u00e1ny egyes tanulm\u00e1nyok szerint potenci\u00e1lis gyullad\u00e1scs\u00f6kkent\u0151 \u00e9s antioxid\u00e1ns hat\u00e1s\u00fa. M\u00edg az angyalgy\u00f6keret hagyom\u00e1nyosan em\u00e9szt\u00e9si probl\u00e9m\u00e1kra alkalmazt\u00e1k. De tal\u00e1lhat\u00f3 m\u00e9g benne manna b\u00e1bakal\u00e1cs-gy\u00f6k\u00e9r, zedo\u00e1ria, kerti bazsalikom, ceyloni fah\u00e9jfa, macskagy\u00f6k\u00e9r, kardamommag, t\u00e1rnicsgy\u00f6k\u00e9r \u00e9s \u00edgy tov\u00e1bb, nem soroljuk tov\u00e1bb. Ink\u00e1bb n\u00e9zz\u00fcnk k\u00f6rbe a Sv\u00e9dcseppes NATURLAND-term\u00e9kek polc\u00e1n.<\/p>\n<\/div>\n<\/div><\/div><\/div><\/div><div id=\"pg-10628-5\"  class=\"panel-grid panel-has-style\" ><div class=\"row panel-row-style panel-row-style-for-10628-5\" ><div id=\"pgc-10628-5-0\"  class=\"panel-grid-cell\" ><div id=\"panel-10628-5-0-0\" class=\"so-panel widget widget_siteorigin-panels-postloop panel-first-child panel-last-child\" data-index=\"8\" ><div class=\"row panel-widget-style panel-widget-style-for-10628-5-0-0\" ><\/div><\/div><\/div><\/div><\/div><div id=\"pg-10628-6\"  class=\"panel-grid panel-no-style\" ><div id=\"pgc-10628-6-0\"  class=\"panel-grid-cell\" ><div id=\"panel-10628-6-0-0\" class=\"so-panel widget widget_sow-editor panel-first-child panel-last-child\" data-index=\"9\" ><div\n\t\t\t\n\t\t\tclass=\"so-widget-sow-editor so-widget-sow-editor-base\"\n\t\t\t\n\t\t>\n<div class=\"siteorigin-widget-tinymce textwidget\">\n\t<p>Term\u00e9szetesen tov\u00e1bbi tudom\u00e1nyos kutat\u00e1sok zajlanak a sv\u00e9dcsepp valamennyi gy\u00f3gyhat\u00e1s\u00e1nak teljes k\u00f6r\u0171 felt\u00e1r\u00e1s\u00e1ra \u00e9s bizony\u00edt\u00e1s\u00e1ra. Mint minden gy\u00f3gyn\u00f6v\u00e9nyes term\u00e9k eset\u00e9n, \u00fagy enn\u00e9l is javasolt rendszeres haszn\u00e1lata el\u0151tt orvosunkkal konzult\u00e1lni, k\u00fcl\u00f6n\u00f6sen, hogy a benne l\u00e9v\u0151 sokf\u00e9le hat\u00f3anyag nem v\u00e1rt reakci\u00f3ba l\u00e9phet m\u00e1s gy\u00f3gyszerek hat\u00f3anyagaival.<\/p>\n<\/div>\n<\/div><\/div><\/div><\/div><\/div>","protected":false},"excerpt":{"rendered":"<p>A Naturland legr\u00e9gibb \u00e9s m\u00e1ig t\u00f6retlen\u00fcl n\u00e9pszer\u0171 term\u00e9ke a sv\u00e9dkeser\u0171n alapul\u00f3 Sv\u00e9dcsepp. De mi a titka?&#8230;<\/p>\n","protected":false},"author":2,"featured_media":10719,"parent":0,"menu_order":0,"comment_status":"closed","ping_status":"closed","template":"","meta":{"inline_featured_image":false,"footnotes":""},"class_list":["post-10628","page","type-page","status-publish","has-post-thumbnail","hentry"],"_links":{"self":[{"href":"https:\/\/naturland.hu\/en\/wp-json\/wp\/v2\/pages\/10628","targetHints":{"allow":["GET"]}}],"collection":[{"href":"https:\/\/naturland.hu\/en\/wp-json\/wp\/v2\/pages"}],"about":[{"href":"https:\/\/naturland.hu\/en\/wp-json\/wp\/v2\/types\/page"}],"author":[{"embeddable":true,"href":"https:\/\/naturland.hu\/en\/wp-json\/wp\/v2\/users\/2"}],"replies":[{"embeddable":true,"href":"https:\/\/naturland.hu\/en\/wp-json\/wp\/v2\/comments?post=10628"}],"version-history":[{"count":0,"href":"https:\/\/naturland.hu\/en\/wp-json\/wp\/v2\/pages\/10628\/revisions"}],"wp:featuredmedia":[{"embeddable":true,"href":"https:\/\/naturland.hu\/en\/wp-json\/wp\/v2\/media\/10719"}],"wp:attachment":[{"href":"https:\/\/naturland.hu\/en\/wp-json\/wp\/v2\/media?parent=10628"}],"curies":[{"name":"wp","href":"https:\/\/api.w.org\/{rel}","templated":true}]}}